{"id":8086,"date":"2020-02-25T14:52:21","date_gmt":"2020-02-25T14:52:21","guid":{"rendered":"http:\/\/workingfor03.net\/webperformance\/mmagic\/eco-attitude\/"},"modified":"2021-06-14T15:25:37","modified_gmt":"2021-06-14T15:25:37","slug":"actitud-ecologica","status":"publish","type":"page","link":"https:\/\/www.mistermagic.it\/es\/actitud-ecologica\/","title":{"rendered":"Actitud Ecol\u00f3gica"},"content":{"rendered":"<h2 class=\"title-h2\">Un Coraz\u00f3n Verde<\/h2>\n<p>Mister Magic\u00ae es sensible a temas ambientales y demuestra su actitud ecol\u00f3gica mediante <strong>el compromiso constante en la investigaci\u00f3n<\/strong> y en la realizaci\u00f3n de productos que reduzcan lo m\u00e1s posible el impacto sobre el medioambiente.<\/p>\n<p>El objetivo es lograr soluciones para la limpieza y la desodorizaci\u00f3n de la casa que sean eficaces pero ecol\u00f3gicas, con <strong>ingredientes naturales, f\u00f3rmulas biodegradables y envases 100\u00a0% reciclables<\/strong>.<\/p>\n","protected":false},"excerpt":{"rendered":"<p>Un Coraz\u00f3n Verde Mister Magic\u00ae es sensible a temas ambientales y demuestra su actitud ecol\u00f3gica mediante el compromiso constante en la investigaci\u00f3n y en la realizaci\u00f3n de productos que reduzcan lo m\u00e1s posible el impacto sobre el medioambiente. El objetivo es lograr soluciones para la limpieza y la desodorizaci\u00f3n de la casa que sean eficaces [&hellip;]<\/p>\n","protected":false},"author":6,"featured_media":0,"parent":0,"menu_order":0,"comment_status":"closed","ping_status":"closed","template":"interna-page.php","meta":{"_acf_changed":false,"footnotes":""},"class_list":["post-8086","page","type-page","status-publish","hentry"],"acf":[],"yoast_head":"<!-- This site is optimized with the Yoast SEO plugin v26.9 - https:\/\/yoast.com\/product\/yoast-seo-wordpress\/ -->\n<title>Actitud Ecol\u00f3gica - Mister Magic<\/title>\n<meta name=\"description\" content=\"Mister Magic demuestra su actitud ecol\u00f3gica a trav\u00e9s de la b\u00fasqueda continua de productos que reduzcan al m\u00e1ximo el impacto sobre el medio ambiente.\" \/>\n<meta name=\"robots\" content=\"index, follow, max-snippet:-1, max-image-preview:large, max-video-preview:-1\" \/>\n<link rel=\"canonical\" href=\"https:\/\/www.mistermagic.it\/es\/actitud-ecologica\/\" \/>\n<meta property=\"og:locale\" content=\"es_ES\" \/>\n<meta property=\"og:type\" content=\"article\" \/>\n<meta property=\"og:title\" content=\"Actitud Ecol\u00f3gica - Mister Magic\" \/>\n<meta property=\"og:description\" content=\"Mister Magic demuestra su actitud ecol\u00f3gica a trav\u00e9s de la b\u00fasqueda continua de productos que reduzcan al m\u00e1ximo el impacto sobre el medio ambiente.\" \/>\n<meta property=\"og:url\" content=\"https:\/\/www.mistermagic.it\/es\/actitud-ecologica\/\" \/>\n<meta property=\"og:site_name\" content=\"Mister Magic\" \/>\n<meta property=\"article:modified_time\" content=\"2021-06-14T15:25:37+00:00\" \/>\n<meta name=\"twitter:card\" content=\"summary_large_image\" \/>\n<script type=\"application\/ld+json\" class=\"yoast-schema-graph\">{\"@context\":\"https:\/\/schema.org\",\"@graph\":[{\"@type\":\"WebPage\",\"@id\":\"https:\/\/www.mistermagic.it\/es\/actitud-ecologica\/\",\"url\":\"https:\/\/www.mistermagic.it\/es\/actitud-ecologica\/\",\"name\":\"Actitud Ecol\u00f3gica - Mister Magic\",\"isPartOf\":{\"@id\":\"https:\/\/www.mistermagic.it\/es\/#website\"},\"datePublished\":\"2020-02-25T14:52:21+00:00\",\"dateModified\":\"2021-06-14T15:25:37+00:00\",\"description\":\"Mister Magic demuestra su actitud ecol\u00f3gica a trav\u00e9s de la b\u00fasqueda continua de productos que reduzcan al m\u00e1ximo el impacto sobre el medio ambiente.\",\"breadcrumb\":{\"@id\":\"https:\/\/www.mistermagic.it\/es\/actitud-ecologica\/#breadcrumb\"},\"inLanguage\":\"es\",\"potentialAction\":[{\"@type\":\"ReadAction\",\"target\":[\"https:\/\/www.mistermagic.it\/es\/actitud-ecologica\/\"]}]},{\"@type\":\"BreadcrumbList\",\"@id\":\"https:\/\/www.mistermagic.it\/es\/actitud-ecologica\/#breadcrumb\",\"itemListElement\":[{\"@type\":\"ListItem\",\"position\":1,\"name\":\"Home\",\"item\":\"https:\/\/www.mistermagic.it\/es\/\"},{\"@type\":\"ListItem\",\"position\":2,\"name\":\"Actitud Ecol\u00f3gica\"}]},{\"@type\":\"WebSite\",\"@id\":\"https:\/\/www.mistermagic.it\/es\/#website\",\"url\":\"https:\/\/www.mistermagic.it\/es\/\",\"name\":\"Mister Magic\",\"description\":\"Tu aliado en la casa\\n\",\"publisher\":{\"@id\":\"https:\/\/www.mistermagic.it\/es\/#organization\"},\"potentialAction\":[{\"@type\":\"SearchAction\",\"target\":{\"@type\":\"EntryPoint\",\"urlTemplate\":\"https:\/\/www.mistermagic.it\/es\/?s={search_term_string}\"},\"query-input\":{\"@type\":\"PropertyValueSpecification\",\"valueRequired\":true,\"valueName\":\"search_term_string\"}}],\"inLanguage\":\"es\"},{\"@type\":\"Organization\",\"@id\":\"https:\/\/www.mistermagic.it\/es\/#organization\",\"name\":\"Mister Magic\",\"url\":\"https:\/\/www.mistermagic.it\/es\/\",\"logo\":{\"@type\":\"ImageObject\",\"inLanguage\":\"es\",\"@id\":\"https:\/\/www.mistermagic.it\/es\/#\/schema\/logo\/image\/\",\"url\":\"https:\/\/www.mistermagic.it\/wp-content\/uploads\/2020\/02\/LOGO-PER-REGISTRAZIONE_MISTER-MAGIC-01.png\",\"contentUrl\":\"https:\/\/www.mistermagic.it\/wp-content\/uploads\/2020\/02\/LOGO-PER-REGISTRAZIONE_MISTER-MAGIC-01.png\",\"width\":153,\"height\":107,\"caption\":\"Mister Magic\"},\"image\":{\"@id\":\"https:\/\/www.mistermagic.it\/es\/#\/schema\/logo\/image\/\"}}]}<\/script>\n<!-- \/ Yoast SEO plugin. -->","yoast_head_json":{"title":"Actitud Ecol\u00f3gica - Mister Magic","description":"Mister Magic demuestra su actitud ecol\u00f3gica a trav\u00e9s de la b\u00fasqueda continua de productos que reduzcan al m\u00e1ximo el impacto sobre el medio ambiente.","robots":{"index":"index","follow":"follow","max-snippet":"max-snippet:-1","max-image-preview":"max-image-preview:large","max-video-preview":"max-video-preview:-1"},"canonical":"https:\/\/www.mistermagic.it\/es\/actitud-ecologica\/","og_locale":"es_ES","og_type":"article","og_title":"Actitud Ecol\u00f3gica - Mister Magic","og_description":"Mister Magic demuestra su actitud ecol\u00f3gica a trav\u00e9s de la b\u00fasqueda continua de productos que reduzcan al m\u00e1ximo el impacto sobre el medio ambiente.","og_url":"https:\/\/www.mistermagic.it\/es\/actitud-ecologica\/","og_site_name":"Mister Magic","article_modified_time":"2021-06-14T15:25:37+00:00","twitter_card":"summary_large_image","schema":{"@context":"https:\/\/schema.org","@graph":[{"@type":"WebPage","@id":"https:\/\/www.mistermagic.it\/es\/actitud-ecologica\/","url":"https:\/\/www.mistermagic.it\/es\/actitud-ecologica\/","name":"Actitud Ecol\u00f3gica - Mister Magic","isPartOf":{"@id":"https:\/\/www.mistermagic.it\/es\/#website"},"datePublished":"2020-02-25T14:52:21+00:00","dateModified":"2021-06-14T15:25:37+00:00","description":"Mister Magic demuestra su actitud ecol\u00f3gica a trav\u00e9s de la b\u00fasqueda continua de productos que reduzcan al m\u00e1ximo el impacto sobre el medio ambiente.","breadcrumb":{"@id":"https:\/\/www.mistermagic.it\/es\/actitud-ecologica\/#breadcrumb"},"inLanguage":"es","potentialAction":[{"@type":"ReadAction","target":["https:\/\/www.mistermagic.it\/es\/actitud-ecologica\/"]}]},{"@type":"BreadcrumbList","@id":"https:\/\/www.mistermagic.it\/es\/actitud-ecologica\/#breadcrumb","itemListElement":[{"@type":"ListItem","position":1,"name":"Home","item":"https:\/\/www.mistermagic.it\/es\/"},{"@type":"ListItem","position":2,"name":"Actitud Ecol\u00f3gica"}]},{"@type":"WebSite","@id":"https:\/\/www.mistermagic.it\/es\/#website","url":"https:\/\/www.mistermagic.it\/es\/","name":"Mister Magic","description":"Tu aliado en la casa\n","publisher":{"@id":"https:\/\/www.mistermagic.it\/es\/#organization"},"potentialAction":[{"@type":"SearchAction","target":{"@type":"EntryPoint","urlTemplate":"https:\/\/www.mistermagic.it\/es\/?s={search_term_string}"},"query-input":{"@type":"PropertyValueSpecification","valueRequired":true,"valueName":"search_term_string"}}],"inLanguage":"es"},{"@type":"Organization","@id":"https:\/\/www.mistermagic.it\/es\/#organization","name":"Mister Magic","url":"https:\/\/www.mistermagic.it\/es\/","logo":{"@type":"ImageObject","inLanguage":"es","@id":"https:\/\/www.mistermagic.it\/es\/#\/schema\/logo\/image\/","url":"https:\/\/www.mistermagic.it\/wp-content\/uploads\/2020\/02\/LOGO-PER-REGISTRAZIONE_MISTER-MAGIC-01.png","contentUrl":"https:\/\/www.mistermagic.it\/wp-content\/uploads\/2020\/02\/LOGO-PER-REGISTRAZIONE_MISTER-MAGIC-01.png","width":153,"height":107,"caption":"Mister Magic"},"image":{"@id":"https:\/\/www.mistermagic.it\/es\/#\/schema\/logo\/image\/"}}]}},"_links":{"self":[{"href":"https:\/\/www.mistermagic.it\/es\/wp-json\/wp\/v2\/pages\/8086","targetHints":{"allow":["GET"]}}],"collection":[{"href":"https:\/\/www.mistermagic.it\/es\/wp-json\/wp\/v2\/pages"}],"about":[{"href":"https:\/\/www.mistermagic.it\/es\/wp-json\/wp\/v2\/types\/page"}],"author":[{"embeddable":true,"href":"https:\/\/www.mistermagic.it\/es\/wp-json\/wp\/v2\/users\/6"}],"replies":[{"embeddable":true,"href":"https:\/\/www.mistermagic.it\/es\/wp-json\/wp\/v2\/comments?post=8086"}],"version-history":[{"count":6,"href":"https:\/\/www.mistermagic.it\/es\/wp-json\/wp\/v2\/pages\/8086\/revisions"}],"predecessor-version":[{"id":8392,"href":"https:\/\/www.mistermagic.it\/es\/wp-json\/wp\/v2\/pages\/8086\/revisions\/8392"}],"wp:attachment":[{"href":"https:\/\/www.mistermagic.it\/es\/wp-json\/wp\/v2\/media?parent=8086"}],"curies":[{"name":"wp","href":"https:\/\/api.w.org\/{rel}","templated":true}]}}