{"id":8125,"date":"2020-01-31T13:57:11","date_gmt":"2020-01-31T13:57:11","guid":{"rendered":"http:\/\/workingfor03.net\/webperformance\/mmagic\/privacy-policy\/"},"modified":"2021-09-22T08:43:00","modified_gmt":"2021-09-22T08:43:00","slug":"privacy-policy","status":"publish","type":"page","link":"https:\/\/www.mistermagic.it\/es\/privacy-policy\/","title":{"rendered":"Privacy Policy"},"content":{"rendered":"\r\n<h2 class=\"wp-block-heading\">Nos preocupamos por sus datos<\/h2>\r\n<p>Sus datos son muy valiosos para nosotros y queremos respetar su privacidad. Por este motivo, nunca jam\u00e1s los venderemos a terceros, ya sea de forma gratuita o pagando una tarifa. Los usaremos exclusivamente para las iniciativas de este sitio y por las razones por las que nos contact\u00f3 con un comentario, llenando un formulario o envi\u00e1ndonos un correo electr\u00f3nico. En cualquier momento puede solicitarnos que eliminemos sus datos de nuestros archivos o, si es necesario, que los modifiquemos. Le agradecemos la confianza que ha depositado en nosotros y quedamos a su disposici\u00f3n para cualquier otra solicitud de informaci\u00f3n.<\/p>\r\n<p><strong>Todos los detalles relacionados con la gesti\u00f3n de sus datos personales se pueden encontrar aqu\u00ed:<\/strong><\/p>\r\n<p><b><a class=\"iubenda-white no-brand iubenda-noiframe iubenda-embed iubenda-noiframe \" title=\"Pol\u00edtica de Privacidad \" href=\"https:\/\/www.iubenda.com\/privacy-policy\/98611555\" target=\"_blank\" rel=\"noopener\">Pol\u00edtica de Privacidad<\/a><script type=\"text\/javascript\">(function (w,d) {var loader = function () {var s = d.createElement(\"script\"), tag = d.getElementsByTagName(\"script\")[0]; s.src=https:\/\/cdn.iubenda.com\/iubenda.js; tag.parentNode.insertBefore(s,tag);}; if(w.addEventListener){w.addEventListener(\"load\", loader, false);}else if(w.attachEvent){w.attachEvent(\"onload\", loader);}else{w.onload = loader;}})(window, document);<\/script><br \/><b><a class=\"iubenda-white no-brand iubenda-noiframe iubenda-embed iubenda-noiframe \" title=\"Pol\u00edtica de Cookies \" href=\"https:\/\/www.iubenda.com\/privacy-policy\/98611555\/cookie-policy\" target=\"_blank\" rel=\"noopener\">Pol\u00edtica de Cookies<\/a><script type=\"text\/javascript\">(function (w,d) {var loader = function () {var s = d.createElement(\"script\"), tag = d.getElementsByTagName(\"script\")[0]; s.src=https:\/\/cdn.iubenda.com\/iubenda.js; tag.parentNode.insertBefore(s,tag);}; if(w.addEventListener){w.addEventListener(\"load\", loader, false);}else if(w.attachEvent){w.attachEvent(\"onload\", loader);}else{w.onload = loader;}})(window, document);<\/script> <\/b><\/b><\/p>","protected":false},"excerpt":{"rendered":"<p>Nos preocupamos por sus datos Sus datos son muy valiosos para nosotros y queremos respetar su privacidad. Por este motivo, nunca jam\u00e1s los venderemos a terceros, ya sea de forma gratuita o pagando una tarifa. Los usaremos exclusivamente para las iniciativas de este sitio y por las razones por las que nos contact\u00f3 con un [&hellip;]<\/p>\n","protected":false},"author":6,"featured_media":0,"parent":0,"menu_order":0,"comment_status":"closed","ping_status":"open","template":"","meta":{"_acf_changed":false,"footnotes":""},"class_list":["post-8125","page","type-page","status-publish","hentry"],"acf":[],"yoast_head":"<!-- This site is optimized with the Yoast SEO plugin v26.9 - https:\/\/yoast.com\/product\/yoast-seo-wordpress\/ -->\n<title>Privacy Policy - Mister Magic<\/title>\n<meta name=\"description\" content=\"Nos preocupamos por sus datos Sus datos son muy valiosos para nosotros y queremos respetar su privacidad. Por este motivo, nunca jam\u00e1s los venderemos a\" \/>\n<meta name=\"robots\" content=\"index, follow, max-snippet:-1, max-image-preview:large, max-video-preview:-1\" \/>\n<link rel=\"canonical\" href=\"https:\/\/www.mistermagic.it\/es\/privacy-policy\/\" \/>\n<meta property=\"og:locale\" content=\"es_ES\" \/>\n<meta property=\"og:type\" content=\"article\" \/>\n<meta property=\"og:title\" content=\"Privacy Policy - Mister Magic\" \/>\n<meta property=\"og:description\" content=\"Nos preocupamos por sus datos Sus datos son muy valiosos para nosotros y queremos respetar su privacidad. Por este motivo, nunca jam\u00e1s los venderemos a\" \/>\n<meta property=\"og:url\" content=\"https:\/\/www.mistermagic.it\/es\/privacy-policy\/\" \/>\n<meta property=\"og:site_name\" content=\"Mister Magic\" \/>\n<meta property=\"article:modified_time\" content=\"2021-09-22T08:43:00+00:00\" \/>\n<meta name=\"twitter:card\" content=\"summary_large_image\" \/>\n<meta name=\"twitter:label1\" content=\"Tiempo de lectura\" \/>\n\t<meta name=\"twitter:data1\" content=\"1 minuto\" \/>\n<script type=\"application\/ld+json\" class=\"yoast-schema-graph\">{\"@context\":\"https:\/\/schema.org\",\"@graph\":[{\"@type\":\"WebPage\",\"@id\":\"https:\/\/www.mistermagic.it\/es\/privacy-policy\/\",\"url\":\"https:\/\/www.mistermagic.it\/es\/privacy-policy\/\",\"name\":\"Privacy Policy - Mister Magic\",\"isPartOf\":{\"@id\":\"https:\/\/www.mistermagic.it\/es\/#website\"},\"datePublished\":\"2020-01-31T13:57:11+00:00\",\"dateModified\":\"2021-09-22T08:43:00+00:00\",\"description\":\"Nos preocupamos por sus datos Sus datos son muy valiosos para nosotros y queremos respetar su privacidad. Por este motivo, nunca jam\u00e1s los venderemos a\",\"breadcrumb\":{\"@id\":\"https:\/\/www.mistermagic.it\/es\/privacy-policy\/#breadcrumb\"},\"inLanguage\":\"es\",\"potentialAction\":[{\"@type\":\"ReadAction\",\"target\":[\"https:\/\/www.mistermagic.it\/es\/privacy-policy\/\"]}]},{\"@type\":\"BreadcrumbList\",\"@id\":\"https:\/\/www.mistermagic.it\/es\/privacy-policy\/#breadcrumb\",\"itemListElement\":[{\"@type\":\"ListItem\",\"position\":1,\"name\":\"Home\",\"item\":\"https:\/\/www.mistermagic.it\/es\/\"},{\"@type\":\"ListItem\",\"position\":2,\"name\":\"Privacy Policy\"}]},{\"@type\":\"WebSite\",\"@id\":\"https:\/\/www.mistermagic.it\/es\/#website\",\"url\":\"https:\/\/www.mistermagic.it\/es\/\",\"name\":\"Mister Magic\",\"description\":\"Tu aliado en la casa\\n\",\"publisher\":{\"@id\":\"https:\/\/www.mistermagic.it\/es\/#organization\"},\"potentialAction\":[{\"@type\":\"SearchAction\",\"target\":{\"@type\":\"EntryPoint\",\"urlTemplate\":\"https:\/\/www.mistermagic.it\/es\/?s={search_term_string}\"},\"query-input\":{\"@type\":\"PropertyValueSpecification\",\"valueRequired\":true,\"valueName\":\"search_term_string\"}}],\"inLanguage\":\"es\"},{\"@type\":\"Organization\",\"@id\":\"https:\/\/www.mistermagic.it\/es\/#organization\",\"name\":\"Mister Magic\",\"url\":\"https:\/\/www.mistermagic.it\/es\/\",\"logo\":{\"@type\":\"ImageObject\",\"inLanguage\":\"es\",\"@id\":\"https:\/\/www.mistermagic.it\/es\/#\/schema\/logo\/image\/\",\"url\":\"https:\/\/www.mistermagic.it\/wp-content\/uploads\/2020\/02\/LOGO-PER-REGISTRAZIONE_MISTER-MAGIC-01.png\",\"contentUrl\":\"https:\/\/www.mistermagic.it\/wp-content\/uploads\/2020\/02\/LOGO-PER-REGISTRAZIONE_MISTER-MAGIC-01.png\",\"width\":153,\"height\":107,\"caption\":\"Mister Magic\"},\"image\":{\"@id\":\"https:\/\/www.mistermagic.it\/es\/#\/schema\/logo\/image\/\"}}]}<\/script>\n<!-- \/ Yoast SEO plugin. -->","yoast_head_json":{"title":"Privacy Policy - Mister Magic","description":"Nos preocupamos por sus datos Sus datos son muy valiosos para nosotros y queremos respetar su privacidad. Por este motivo, nunca jam\u00e1s los venderemos a","robots":{"index":"index","follow":"follow","max-snippet":"max-snippet:-1","max-image-preview":"max-image-preview:large","max-video-preview":"max-video-preview:-1"},"canonical":"https:\/\/www.mistermagic.it\/es\/privacy-policy\/","og_locale":"es_ES","og_type":"article","og_title":"Privacy Policy - Mister Magic","og_description":"Nos preocupamos por sus datos Sus datos son muy valiosos para nosotros y queremos respetar su privacidad. Por este motivo, nunca jam\u00e1s los venderemos a","og_url":"https:\/\/www.mistermagic.it\/es\/privacy-policy\/","og_site_name":"Mister Magic","article_modified_time":"2021-09-22T08:43:00+00:00","twitter_card":"summary_large_image","twitter_misc":{"Tiempo de lectura":"1 minuto"},"schema":{"@context":"https:\/\/schema.org","@graph":[{"@type":"WebPage","@id":"https:\/\/www.mistermagic.it\/es\/privacy-policy\/","url":"https:\/\/www.mistermagic.it\/es\/privacy-policy\/","name":"Privacy Policy - Mister Magic","isPartOf":{"@id":"https:\/\/www.mistermagic.it\/es\/#website"},"datePublished":"2020-01-31T13:57:11+00:00","dateModified":"2021-09-22T08:43:00+00:00","description":"Nos preocupamos por sus datos Sus datos son muy valiosos para nosotros y queremos respetar su privacidad. Por este motivo, nunca jam\u00e1s los venderemos a","breadcrumb":{"@id":"https:\/\/www.mistermagic.it\/es\/privacy-policy\/#breadcrumb"},"inLanguage":"es","potentialAction":[{"@type":"ReadAction","target":["https:\/\/www.mistermagic.it\/es\/privacy-policy\/"]}]},{"@type":"BreadcrumbList","@id":"https:\/\/www.mistermagic.it\/es\/privacy-policy\/#breadcrumb","itemListElement":[{"@type":"ListItem","position":1,"name":"Home","item":"https:\/\/www.mistermagic.it\/es\/"},{"@type":"ListItem","position":2,"name":"Privacy Policy"}]},{"@type":"WebSite","@id":"https:\/\/www.mistermagic.it\/es\/#website","url":"https:\/\/www.mistermagic.it\/es\/","name":"Mister Magic","description":"Tu aliado en la casa\n","publisher":{"@id":"https:\/\/www.mistermagic.it\/es\/#organization"},"potentialAction":[{"@type":"SearchAction","target":{"@type":"EntryPoint","urlTemplate":"https:\/\/www.mistermagic.it\/es\/?s={search_term_string}"},"query-input":{"@type":"PropertyValueSpecification","valueRequired":true,"valueName":"search_term_string"}}],"inLanguage":"es"},{"@type":"Organization","@id":"https:\/\/www.mistermagic.it\/es\/#organization","name":"Mister Magic","url":"https:\/\/www.mistermagic.it\/es\/","logo":{"@type":"ImageObject","inLanguage":"es","@id":"https:\/\/www.mistermagic.it\/es\/#\/schema\/logo\/image\/","url":"https:\/\/www.mistermagic.it\/wp-content\/uploads\/2020\/02\/LOGO-PER-REGISTRAZIONE_MISTER-MAGIC-01.png","contentUrl":"https:\/\/www.mistermagic.it\/wp-content\/uploads\/2020\/02\/LOGO-PER-REGISTRAZIONE_MISTER-MAGIC-01.png","width":153,"height":107,"caption":"Mister Magic"},"image":{"@id":"https:\/\/www.mistermagic.it\/es\/#\/schema\/logo\/image\/"}}]}},"_links":{"self":[{"href":"https:\/\/www.mistermagic.it\/es\/wp-json\/wp\/v2\/pages\/8125","targetHints":{"allow":["GET"]}}],"collection":[{"href":"https:\/\/www.mistermagic.it\/es\/wp-json\/wp\/v2\/pages"}],"about":[{"href":"https:\/\/www.mistermagic.it\/es\/wp-json\/wp\/v2\/types\/page"}],"author":[{"embeddable":true,"href":"https:\/\/www.mistermagic.it\/es\/wp-json\/wp\/v2\/users\/6"}],"replies":[{"embeddable":true,"href":"https:\/\/www.mistermagic.it\/es\/wp-json\/wp\/v2\/comments?post=8125"}],"version-history":[{"count":9,"href":"https:\/\/www.mistermagic.it\/es\/wp-json\/wp\/v2\/pages\/8125\/revisions"}],"predecessor-version":[{"id":9161,"href":"https:\/\/www.mistermagic.it\/es\/wp-json\/wp\/v2\/pages\/8125\/revisions\/9161"}],"wp:attachment":[{"href":"https:\/\/www.mistermagic.it\/es\/wp-json\/wp\/v2\/media?parent=8125"}],"curies":[{"name":"wp","href":"https:\/\/api.w.org\/{rel}","templated":true}]}}