{"id":8150,"date":"2020-02-21T15:44:18","date_gmt":"2020-02-21T15:44:18","guid":{"rendered":"http:\/\/workingfor03.net\/webperformance\/mmagic\/prodotti-mister-magic\/%product_category%\/decalcificante-per-macchine-da-caffe\/"},"modified":"2021-09-22T13:15:07","modified_gmt":"2021-09-22T13:15:07","slug":"descalcificador-para-maquinas-de-cafe","status":"publish","type":"product","link":"https:\/\/www.mistermagic.it\/es\/productos-mister-magic\/limpiadores-especificos\/descalcificador-para-maquinas-de-cafe\/","title":{"rendered":"Descalcificador Para M\u00e1quinas De Caf\u00e9"},"content":{"rendered":"","protected":false},"featured_media":8810,"parent":0,"template":"","product_category":[678],"class_list":["post-8150","product","type-product","status-publish","has-post-thumbnail","hentry","product_category-limpiadores-especificos"],"acf":[],"yoast_head":"<!-- This site is optimized with the Yoast SEO plugin v26.9 - https:\/\/yoast.com\/product\/yoast-seo-wordpress\/ -->\n<title>Descalcificador Para M\u00e1quinas De Caf\u00e9 - Mister Magic<\/title>\n<meta name=\"description\" content=\"Rimuove le incrostazioni da calcare dalle macchine da caff\u00e8 e da piccoli elettrodomestici come bollitori, ferri da stiro, umidificatori d\u2019aria e molti altri\" \/>\n<meta name=\"robots\" content=\"index, follow, max-snippet:-1, max-image-preview:large, max-video-preview:-1\" \/>\n<link rel=\"canonical\" href=\"https:\/\/www.mistermagic.it\/es\/productos-mister-magic\/limpiadores-especificos\/descalcificador-para-maquinas-de-cafe\/\" \/>\n<meta property=\"og:locale\" content=\"es_ES\" \/>\n<meta property=\"og:type\" content=\"article\" \/>\n<meta property=\"og:title\" content=\"Descalcificador Para M\u00e1quinas De Caf\u00e9 - Mister Magic\" \/>\n<meta property=\"og:description\" content=\"Rimuove le incrostazioni da calcare dalle macchine da caff\u00e8 e da piccoli elettrodomestici come bollitori, ferri da stiro, umidificatori d\u2019aria e molti altri\" \/>\n<meta property=\"og:url\" content=\"https:\/\/www.mistermagic.it\/es\/productos-mister-magic\/limpiadores-especificos\/descalcificador-para-maquinas-de-cafe\/\" \/>\n<meta property=\"og:site_name\" content=\"Mister Magic\" \/>\n<meta property=\"article:modified_time\" content=\"2021-09-22T13:15:07+00:00\" \/>\n<meta property=\"og:image\" content=\"https:\/\/www.mistermagic.it\/wp-content\/uploads\/2020\/02\/DECALCIFICANTE-SP-PT.png\" \/>\n\t<meta property=\"og:image:width\" content=\"1024\" \/>\n\t<meta property=\"og:image:height\" content=\"1024\" \/>\n\t<meta property=\"og:image:type\" content=\"image\/png\" \/>\n<meta name=\"twitter:card\" content=\"summary_large_image\" \/>\n<script type=\"application\/ld+json\" class=\"yoast-schema-graph\">{\"@context\":\"https:\/\/schema.org\",\"@graph\":[{\"@type\":\"WebPage\",\"@id\":\"https:\/\/www.mistermagic.it\/es\/productos-mister-magic\/limpiadores-especificos\/descalcificador-para-maquinas-de-cafe\/\",\"url\":\"https:\/\/www.mistermagic.it\/es\/productos-mister-magic\/limpiadores-especificos\/descalcificador-para-maquinas-de-cafe\/\",\"name\":\"Descalcificador Para M\u00e1quinas De Caf\u00e9 - Mister Magic\",\"isPartOf\":{\"@id\":\"https:\/\/www.mistermagic.it\/es\/#website\"},\"primaryImageOfPage\":{\"@id\":\"https:\/\/www.mistermagic.it\/es\/productos-mister-magic\/limpiadores-especificos\/descalcificador-para-maquinas-de-cafe\/#primaryimage\"},\"image\":{\"@id\":\"https:\/\/www.mistermagic.it\/es\/productos-mister-magic\/limpiadores-especificos\/descalcificador-para-maquinas-de-cafe\/#primaryimage\"},\"thumbnailUrl\":\"https:\/\/www.mistermagic.it\/wp-content\/uploads\/2020\/02\/DECALCIFICANTE-SP-PT.png\",\"datePublished\":\"2020-02-21T15:44:18+00:00\",\"dateModified\":\"2021-09-22T13:15:07+00:00\",\"description\":\"Rimuove le incrostazioni da calcare dalle macchine da caff\u00e8 e da piccoli elettrodomestici come bollitori, ferri da stiro, umidificatori d\u2019aria e molti altri\",\"breadcrumb\":{\"@id\":\"https:\/\/www.mistermagic.it\/es\/productos-mister-magic\/limpiadores-especificos\/descalcificador-para-maquinas-de-cafe\/#breadcrumb\"},\"inLanguage\":\"es\",\"potentialAction\":[{\"@type\":\"ReadAction\",\"target\":[\"https:\/\/www.mistermagic.it\/es\/productos-mister-magic\/limpiadores-especificos\/descalcificador-para-maquinas-de-cafe\/\"]}]},{\"@type\":\"ImageObject\",\"inLanguage\":\"es\",\"@id\":\"https:\/\/www.mistermagic.it\/es\/productos-mister-magic\/limpiadores-especificos\/descalcificador-para-maquinas-de-cafe\/#primaryimage\",\"url\":\"https:\/\/www.mistermagic.it\/wp-content\/uploads\/2020\/02\/DECALCIFICANTE-SP-PT.png\",\"contentUrl\":\"https:\/\/www.mistermagic.it\/wp-content\/uploads\/2020\/02\/DECALCIFICANTE-SP-PT.png\",\"width\":1024,\"height\":1024},{\"@type\":\"BreadcrumbList\",\"@id\":\"https:\/\/www.mistermagic.it\/es\/productos-mister-magic\/limpiadores-especificos\/descalcificador-para-maquinas-de-cafe\/#breadcrumb\",\"itemListElement\":[{\"@type\":\"ListItem\",\"position\":1,\"name\":\"Home\",\"item\":\"https:\/\/www.mistermagic.it\/es\/\"},{\"@type\":\"ListItem\",\"position\":2,\"name\":\"Limpiadores Espec\u00edficos\",\"item\":\"https:\/\/www.mistermagic.it\/es\/productos-mister-magic\/limpiadores-especificos\/\"},{\"@type\":\"ListItem\",\"position\":3,\"name\":\"Descalcificador Para M\u00e1quinas De Caf\u00e9\"}]},{\"@type\":\"WebSite\",\"@id\":\"https:\/\/www.mistermagic.it\/es\/#website\",\"url\":\"https:\/\/www.mistermagic.it\/es\/\",\"name\":\"Mister Magic\",\"description\":\"Tu aliado en la casa\\n\",\"publisher\":{\"@id\":\"https:\/\/www.mistermagic.it\/es\/#organization\"},\"potentialAction\":[{\"@type\":\"SearchAction\",\"target\":{\"@type\":\"EntryPoint\",\"urlTemplate\":\"https:\/\/www.mistermagic.it\/es\/?s={search_term_string}\"},\"query-input\":{\"@type\":\"PropertyValueSpecification\",\"valueRequired\":true,\"valueName\":\"search_term_string\"}}],\"inLanguage\":\"es\"},{\"@type\":\"Organization\",\"@id\":\"https:\/\/www.mistermagic.it\/es\/#organization\",\"name\":\"Mister Magic\",\"url\":\"https:\/\/www.mistermagic.it\/es\/\",\"logo\":{\"@type\":\"ImageObject\",\"inLanguage\":\"es\",\"@id\":\"https:\/\/www.mistermagic.it\/es\/#\/schema\/logo\/image\/\",\"url\":\"https:\/\/www.mistermagic.it\/wp-content\/uploads\/2020\/02\/LOGO-PER-REGISTRAZIONE_MISTER-MAGIC-01.png\",\"contentUrl\":\"https:\/\/www.mistermagic.it\/wp-content\/uploads\/2020\/02\/LOGO-PER-REGISTRAZIONE_MISTER-MAGIC-01.png\",\"width\":153,\"height\":107,\"caption\":\"Mister Magic\"},\"image\":{\"@id\":\"https:\/\/www.mistermagic.it\/es\/#\/schema\/logo\/image\/\"}}]}<\/script>\n<!-- \/ Yoast SEO plugin. -->","yoast_head_json":{"title":"Descalcificador Para M\u00e1quinas De Caf\u00e9 - Mister Magic","description":"Rimuove le incrostazioni da calcare dalle macchine da caff\u00e8 e da piccoli elettrodomestici come bollitori, ferri da stiro, umidificatori d\u2019aria e molti altri","robots":{"index":"index","follow":"follow","max-snippet":"max-snippet:-1","max-image-preview":"max-image-preview:large","max-video-preview":"max-video-preview:-1"},"canonical":"https:\/\/www.mistermagic.it\/es\/productos-mister-magic\/limpiadores-especificos\/descalcificador-para-maquinas-de-cafe\/","og_locale":"es_ES","og_type":"article","og_title":"Descalcificador Para M\u00e1quinas De Caf\u00e9 - Mister Magic","og_description":"Rimuove le incrostazioni da calcare dalle macchine da caff\u00e8 e da piccoli elettrodomestici come bollitori, ferri da stiro, umidificatori d\u2019aria e molti altri","og_url":"https:\/\/www.mistermagic.it\/es\/productos-mister-magic\/limpiadores-especificos\/descalcificador-para-maquinas-de-cafe\/","og_site_name":"Mister Magic","article_modified_time":"2021-09-22T13:15:07+00:00","og_image":[{"width":1024,"height":1024,"url":"https:\/\/www.mistermagic.it\/wp-content\/uploads\/2020\/02\/DECALCIFICANTE-SP-PT.png","type":"image\/png"}],"twitter_card":"summary_large_image","schema":{"@context":"https:\/\/schema.org","@graph":[{"@type":"WebPage","@id":"https:\/\/www.mistermagic.it\/es\/productos-mister-magic\/limpiadores-especificos\/descalcificador-para-maquinas-de-cafe\/","url":"https:\/\/www.mistermagic.it\/es\/productos-mister-magic\/limpiadores-especificos\/descalcificador-para-maquinas-de-cafe\/","name":"Descalcificador Para M\u00e1quinas De Caf\u00e9 - Mister Magic","isPartOf":{"@id":"https:\/\/www.mistermagic.it\/es\/#website"},"primaryImageOfPage":{"@id":"https:\/\/www.mistermagic.it\/es\/productos-mister-magic\/limpiadores-especificos\/descalcificador-para-maquinas-de-cafe\/#primaryimage"},"image":{"@id":"https:\/\/www.mistermagic.it\/es\/productos-mister-magic\/limpiadores-especificos\/descalcificador-para-maquinas-de-cafe\/#primaryimage"},"thumbnailUrl":"https:\/\/www.mistermagic.it\/wp-content\/uploads\/2020\/02\/DECALCIFICANTE-SP-PT.png","datePublished":"2020-02-21T15:44:18+00:00","dateModified":"2021-09-22T13:15:07+00:00","description":"Rimuove le incrostazioni da calcare dalle macchine da caff\u00e8 e da piccoli elettrodomestici come bollitori, ferri da stiro, umidificatori d\u2019aria e molti altri","breadcrumb":{"@id":"https:\/\/www.mistermagic.it\/es\/productos-mister-magic\/limpiadores-especificos\/descalcificador-para-maquinas-de-cafe\/#breadcrumb"},"inLanguage":"es","potentialAction":[{"@type":"ReadAction","target":["https:\/\/www.mistermagic.it\/es\/productos-mister-magic\/limpiadores-especificos\/descalcificador-para-maquinas-de-cafe\/"]}]},{"@type":"ImageObject","inLanguage":"es","@id":"https:\/\/www.mistermagic.it\/es\/productos-mister-magic\/limpiadores-especificos\/descalcificador-para-maquinas-de-cafe\/#primaryimage","url":"https:\/\/www.mistermagic.it\/wp-content\/uploads\/2020\/02\/DECALCIFICANTE-SP-PT.png","contentUrl":"https:\/\/www.mistermagic.it\/wp-content\/uploads\/2020\/02\/DECALCIFICANTE-SP-PT.png","width":1024,"height":1024},{"@type":"BreadcrumbList","@id":"https:\/\/www.mistermagic.it\/es\/productos-mister-magic\/limpiadores-especificos\/descalcificador-para-maquinas-de-cafe\/#breadcrumb","itemListElement":[{"@type":"ListItem","position":1,"name":"Home","item":"https:\/\/www.mistermagic.it\/es\/"},{"@type":"ListItem","position":2,"name":"Limpiadores Espec\u00edficos","item":"https:\/\/www.mistermagic.it\/es\/productos-mister-magic\/limpiadores-especificos\/"},{"@type":"ListItem","position":3,"name":"Descalcificador Para M\u00e1quinas De Caf\u00e9"}]},{"@type":"WebSite","@id":"https:\/\/www.mistermagic.it\/es\/#website","url":"https:\/\/www.mistermagic.it\/es\/","name":"Mister Magic","description":"Tu aliado en la casa\n","publisher":{"@id":"https:\/\/www.mistermagic.it\/es\/#organization"},"potentialAction":[{"@type":"SearchAction","target":{"@type":"EntryPoint","urlTemplate":"https:\/\/www.mistermagic.it\/es\/?s={search_term_string}"},"query-input":{"@type":"PropertyValueSpecification","valueRequired":true,"valueName":"search_term_string"}}],"inLanguage":"es"},{"@type":"Organization","@id":"https:\/\/www.mistermagic.it\/es\/#organization","name":"Mister Magic","url":"https:\/\/www.mistermagic.it\/es\/","logo":{"@type":"ImageObject","inLanguage":"es","@id":"https:\/\/www.mistermagic.it\/es\/#\/schema\/logo\/image\/","url":"https:\/\/www.mistermagic.it\/wp-content\/uploads\/2020\/02\/LOGO-PER-REGISTRAZIONE_MISTER-MAGIC-01.png","contentUrl":"https:\/\/www.mistermagic.it\/wp-content\/uploads\/2020\/02\/LOGO-PER-REGISTRAZIONE_MISTER-MAGIC-01.png","width":153,"height":107,"caption":"Mister Magic"},"image":{"@id":"https:\/\/www.mistermagic.it\/es\/#\/schema\/logo\/image\/"}}]}},"_links":{"self":[{"href":"https:\/\/www.mistermagic.it\/es\/wp-json\/wp\/v2\/product\/8150","targetHints":{"allow":["GET"]}}],"collection":[{"href":"https:\/\/www.mistermagic.it\/es\/wp-json\/wp\/v2\/product"}],"about":[{"href":"https:\/\/www.mistermagic.it\/es\/wp-json\/wp\/v2\/types\/product"}],"wp:featuredmedia":[{"embeddable":true,"href":"https:\/\/www.mistermagic.it\/es\/wp-json\/wp\/v2\/media\/8810"}],"wp:attachment":[{"href":"https:\/\/www.mistermagic.it\/es\/wp-json\/wp\/v2\/media?parent=8150"}],"wp:term":[{"taxonomy":"product_category","embeddable":true,"href":"https:\/\/www.mistermagic.it\/es\/wp-json\/wp\/v2\/product_category?post=8150"}],"curies":[{"name":"wp","href":"https:\/\/api.w.org\/{rel}","templated":true}]}}