{"id":7678,"date":"2020-02-25T14:52:21","date_gmt":"2020-02-25T14:52:21","guid":{"rendered":"http:\/\/workingfor03.net\/webperformance\/mmagic\/eco-attitude\/"},"modified":"2022-01-21T09:19:38","modified_gmt":"2022-01-21T09:19:38","slug":"ecoattitude","status":"publish","type":"page","link":"https:\/\/www.mistermagic.it\/fr\/ecoattitude\/","title":{"rendered":"ECOATTITUDE"},"content":{"rendered":"<h2 class=\"title-h2\">Un c\u0153ur vert<\/h2>\n<p>Mister Magic<sup>\u00ae<\/sup> est sensible aux th\u00e8mes environnementaux et d\u00e9montre son \u00ab\u00a0\u00e9co-attitude\u00a0\u00bb par <strong>un engagement constant dans la recherche<\/strong> et dans la r\u00e9alisation de produits r\u00e9duisant autant que possible l&rsquo;impact sur l&rsquo;environnement.<\/p>\n<p>Nous avons pour objectif d&rsquo;obtenir des solutions pour le nettoyage et la d\u00e9sodorisation de la maison qui soient efficaces, avec <strong>des ingr\u00e9dients naturels, des formules biod\u00e9gradables et des emballages 100 % recyclables.<\/strong><\/p>\n","protected":false},"excerpt":{"rendered":"<p>Un c\u0153ur vert Mister Magic\u00ae est sensible aux th\u00e8mes environnementaux et d\u00e9montre son \u00ab\u00a0\u00e9co-attitude\u00a0\u00bb par un engagement constant dans la recherche et dans la r\u00e9alisation de produits r\u00e9duisant autant que possible l&rsquo;impact sur l&rsquo;environnement. Nous avons pour objectif d&rsquo;obtenir des solutions pour le nettoyage et la d\u00e9sodorisation de la maison qui soient efficaces, avec des [&hellip;]<\/p>\n","protected":false},"author":6,"featured_media":0,"parent":0,"menu_order":0,"comment_status":"closed","ping_status":"closed","template":"interna-page.php","meta":{"_acf_changed":false,"footnotes":""},"class_list":["post-7678","page","type-page","status-publish","hentry"],"acf":[],"yoast_head":"<!-- This site is optimized with the Yoast SEO plugin v27.5 - https:\/\/yoast.com\/product\/yoast-seo-wordpress\/ -->\n<title>ECOATTITUDE - Mister Magic<\/title>\n<meta name=\"description\" content=\"Mister Magic d\u00e9montre son \u00e9co-attitude \u00e0 travers la recherche continue de produits qui r\u00e9duisent au maximum l&#039;impact sur l&#039;environnement.\" \/>\n<meta name=\"robots\" content=\"index, follow, max-snippet:-1, max-image-preview:large, max-video-preview:-1\" \/>\n<link rel=\"canonical\" href=\"https:\/\/www.mistermagic.it\/fr\/ecoattitude\/\" \/>\n<meta property=\"og:locale\" content=\"fr_FR\" \/>\n<meta property=\"og:type\" content=\"article\" \/>\n<meta property=\"og:title\" content=\"ECOATTITUDE - Mister Magic\" \/>\n<meta property=\"og:description\" content=\"Mister Magic d\u00e9montre son \u00e9co-attitude \u00e0 travers la recherche continue de produits qui r\u00e9duisent au maximum l&#039;impact sur l&#039;environnement.\" \/>\n<meta property=\"og:url\" content=\"https:\/\/www.mistermagic.it\/fr\/ecoattitude\/\" \/>\n<meta property=\"og:site_name\" content=\"Mister Magic\" \/>\n<meta property=\"article:modified_time\" content=\"2022-01-21T09:19:38+00:00\" \/>\n<meta name=\"twitter:card\" content=\"summary_large_image\" \/>\n<script type=\"application\/ld+json\" class=\"yoast-schema-graph\">{\"@context\":\"https:\\\/\\\/schema.org\",\"@graph\":[{\"@type\":\"WebPage\",\"@id\":\"https:\\\/\\\/www.mistermagic.it\\\/fr\\\/ecoattitude\\\/\",\"url\":\"https:\\\/\\\/www.mistermagic.it\\\/fr\\\/ecoattitude\\\/\",\"name\":\"ECOATTITUDE - Mister Magic\",\"isPartOf\":{\"@id\":\"https:\\\/\\\/www.mistermagic.it\\\/fr\\\/#website\"},\"datePublished\":\"2020-02-25T14:52:21+00:00\",\"dateModified\":\"2022-01-21T09:19:38+00:00\",\"description\":\"Mister Magic d\u00e9montre son \u00e9co-attitude \u00e0 travers la recherche continue de produits qui r\u00e9duisent au maximum l'impact sur l'environnement.\",\"breadcrumb\":{\"@id\":\"https:\\\/\\\/www.mistermagic.it\\\/fr\\\/ecoattitude\\\/#breadcrumb\"},\"inLanguage\":\"fr-FR\",\"potentialAction\":[{\"@type\":\"ReadAction\",\"target\":[\"https:\\\/\\\/www.mistermagic.it\\\/fr\\\/ecoattitude\\\/\"]}]},{\"@type\":\"BreadcrumbList\",\"@id\":\"https:\\\/\\\/www.mistermagic.it\\\/fr\\\/ecoattitude\\\/#breadcrumb\",\"itemListElement\":[{\"@type\":\"ListItem\",\"position\":1,\"name\":\"Home\",\"item\":\"https:\\\/\\\/www.mistermagic.it\\\/fr\\\/\"},{\"@type\":\"ListItem\",\"position\":2,\"name\":\"ECOATTITUDE\"}]},{\"@type\":\"WebSite\",\"@id\":\"https:\\\/\\\/www.mistermagic.it\\\/fr\\\/#website\",\"url\":\"https:\\\/\\\/www.mistermagic.it\\\/fr\\\/\",\"name\":\"Mister Magic\",\"description\":\"Votre alli\u00e9 dans la maison\\n\",\"publisher\":{\"@id\":\"https:\\\/\\\/www.mistermagic.it\\\/fr\\\/#organization\"},\"potentialAction\":[{\"@type\":\"SearchAction\",\"target\":{\"@type\":\"EntryPoint\",\"urlTemplate\":\"https:\\\/\\\/www.mistermagic.it\\\/fr\\\/?s={search_term_string}\"},\"query-input\":{\"@type\":\"PropertyValueSpecification\",\"valueRequired\":true,\"valueName\":\"search_term_string\"}}],\"inLanguage\":\"fr-FR\"},{\"@type\":\"Organization\",\"@id\":\"https:\\\/\\\/www.mistermagic.it\\\/fr\\\/#organization\",\"name\":\"Mister Magic\",\"url\":\"https:\\\/\\\/www.mistermagic.it\\\/fr\\\/\",\"logo\":{\"@type\":\"ImageObject\",\"inLanguage\":\"fr-FR\",\"@id\":\"https:\\\/\\\/www.mistermagic.it\\\/fr\\\/#\\\/schema\\\/logo\\\/image\\\/\",\"url\":\"https:\\\/\\\/www.mistermagic.it\\\/wp-content\\\/uploads\\\/2020\\\/02\\\/LOGO-PER-REGISTRAZIONE_MISTER-MAGIC-01.png\",\"contentUrl\":\"https:\\\/\\\/www.mistermagic.it\\\/wp-content\\\/uploads\\\/2020\\\/02\\\/LOGO-PER-REGISTRAZIONE_MISTER-MAGIC-01.png\",\"width\":153,\"height\":107,\"caption\":\"Mister Magic\"},\"image\":{\"@id\":\"https:\\\/\\\/www.mistermagic.it\\\/fr\\\/#\\\/schema\\\/logo\\\/image\\\/\"}}]}<\/script>\n<!-- \/ Yoast SEO plugin. -->","yoast_head_json":{"title":"ECOATTITUDE - Mister Magic","description":"Mister Magic d\u00e9montre son \u00e9co-attitude \u00e0 travers la recherche continue de produits qui r\u00e9duisent au maximum l'impact sur l'environnement.","robots":{"index":"index","follow":"follow","max-snippet":"max-snippet:-1","max-image-preview":"max-image-preview:large","max-video-preview":"max-video-preview:-1"},"canonical":"https:\/\/www.mistermagic.it\/fr\/ecoattitude\/","og_locale":"fr_FR","og_type":"article","og_title":"ECOATTITUDE - Mister Magic","og_description":"Mister Magic d\u00e9montre son \u00e9co-attitude \u00e0 travers la recherche continue de produits qui r\u00e9duisent au maximum l'impact sur l'environnement.","og_url":"https:\/\/www.mistermagic.it\/fr\/ecoattitude\/","og_site_name":"Mister Magic","article_modified_time":"2022-01-21T09:19:38+00:00","twitter_card":"summary_large_image","schema":{"@context":"https:\/\/schema.org","@graph":[{"@type":"WebPage","@id":"https:\/\/www.mistermagic.it\/fr\/ecoattitude\/","url":"https:\/\/www.mistermagic.it\/fr\/ecoattitude\/","name":"ECOATTITUDE - Mister Magic","isPartOf":{"@id":"https:\/\/www.mistermagic.it\/fr\/#website"},"datePublished":"2020-02-25T14:52:21+00:00","dateModified":"2022-01-21T09:19:38+00:00","description":"Mister Magic d\u00e9montre son \u00e9co-attitude \u00e0 travers la recherche continue de produits qui r\u00e9duisent au maximum l'impact sur l'environnement.","breadcrumb":{"@id":"https:\/\/www.mistermagic.it\/fr\/ecoattitude\/#breadcrumb"},"inLanguage":"fr-FR","potentialAction":[{"@type":"ReadAction","target":["https:\/\/www.mistermagic.it\/fr\/ecoattitude\/"]}]},{"@type":"BreadcrumbList","@id":"https:\/\/www.mistermagic.it\/fr\/ecoattitude\/#breadcrumb","itemListElement":[{"@type":"ListItem","position":1,"name":"Home","item":"https:\/\/www.mistermagic.it\/fr\/"},{"@type":"ListItem","position":2,"name":"ECOATTITUDE"}]},{"@type":"WebSite","@id":"https:\/\/www.mistermagic.it\/fr\/#website","url":"https:\/\/www.mistermagic.it\/fr\/","name":"Mister Magic","description":"Votre alli\u00e9 dans la maison\n","publisher":{"@id":"https:\/\/www.mistermagic.it\/fr\/#organization"},"potentialAction":[{"@type":"SearchAction","target":{"@type":"EntryPoint","urlTemplate":"https:\/\/www.mistermagic.it\/fr\/?s={search_term_string}"},"query-input":{"@type":"PropertyValueSpecification","valueRequired":true,"valueName":"search_term_string"}}],"inLanguage":"fr-FR"},{"@type":"Organization","@id":"https:\/\/www.mistermagic.it\/fr\/#organization","name":"Mister Magic","url":"https:\/\/www.mistermagic.it\/fr\/","logo":{"@type":"ImageObject","inLanguage":"fr-FR","@id":"https:\/\/www.mistermagic.it\/fr\/#\/schema\/logo\/image\/","url":"https:\/\/www.mistermagic.it\/wp-content\/uploads\/2020\/02\/LOGO-PER-REGISTRAZIONE_MISTER-MAGIC-01.png","contentUrl":"https:\/\/www.mistermagic.it\/wp-content\/uploads\/2020\/02\/LOGO-PER-REGISTRAZIONE_MISTER-MAGIC-01.png","width":153,"height":107,"caption":"Mister Magic"},"image":{"@id":"https:\/\/www.mistermagic.it\/fr\/#\/schema\/logo\/image\/"}}]}},"_links":{"self":[{"href":"https:\/\/www.mistermagic.it\/fr\/wp-json\/wp\/v2\/pages\/7678","targetHints":{"allow":["GET"]}}],"collection":[{"href":"https:\/\/www.mistermagic.it\/fr\/wp-json\/wp\/v2\/pages"}],"about":[{"href":"https:\/\/www.mistermagic.it\/fr\/wp-json\/wp\/v2\/types\/page"}],"author":[{"embeddable":true,"href":"https:\/\/www.mistermagic.it\/fr\/wp-json\/wp\/v2\/users\/6"}],"replies":[{"embeddable":true,"href":"https:\/\/www.mistermagic.it\/fr\/wp-json\/wp\/v2\/comments?post=7678"}],"version-history":[{"count":8,"href":"https:\/\/www.mistermagic.it\/fr\/wp-json\/wp\/v2\/pages\/7678\/revisions"}],"predecessor-version":[{"id":9376,"href":"https:\/\/www.mistermagic.it\/fr\/wp-json\/wp\/v2\/pages\/7678\/revisions\/9376"}],"wp:attachment":[{"href":"https:\/\/www.mistermagic.it\/fr\/wp-json\/wp\/v2\/media?parent=7678"}],"curies":[{"name":"wp","href":"https:\/\/api.w.org\/{rel}","templated":true}]}}