{"id":7885,"date":"2020-02-06T08:44:17","date_gmt":"2020-02-06T08:44:17","guid":{"rendered":"http:\/\/workingfor03.net\/webperformance\/mmagic\/prodotti-mister-magic\/%product_category%\/lavafornelli\/"},"modified":"2022-01-27T11:40:07","modified_gmt":"2022-01-27T11:40:07","slug":"produit-de-nettoyage-pour-cuisinieres-et-plans-de-cuisson","status":"publish","type":"product","link":"https:\/\/www.mistermagic.it\/fr\/produits-mister-magic\/produits-de-nettoyage-specifiques\/produit-de-nettoyage-pour-cuisinieres-et-plans-de-cuisson\/","title":{"rendered":"Produit de Nettoyage pour Cuisini\u00e8res et Plans de cuisson"},"content":{"rendered":"","protected":false},"featured_media":7886,"parent":0,"template":"","product_category":[674],"class_list":["post-7885","product","type-product","status-publish","has-post-thumbnail","hentry","product_category-produits-de-nettoyage-specifiques"],"acf":[],"yoast_head":"<!-- This site is optimized with the Yoast SEO plugin v27.4 - https:\/\/yoast.com\/product\/yoast-seo-wordpress\/ -->\n<title>Produit de Nettoyage pour Cuisini\u00e8res et Plans de cuisson - Mister Magic<\/title>\n<meta name=\"description\" content=\"Avec notre nettoyant pour cuisini\u00e8res et plaques de cuisson, vous pouvez obtenir une cuisine brillante et simple, propre et plate, avec un rin\u00e7age facile et rapide !\" \/>\n<meta name=\"robots\" content=\"index, follow, max-snippet:-1, max-image-preview:large, max-video-preview:-1\" \/>\n<link rel=\"canonical\" href=\"https:\/\/www.mistermagic.it\/fr\/produits-mister-magic\/produits-de-nettoyage-specifiques\/produit-de-nettoyage-pour-cuisinieres-et-plans-de-cuisson\/\" \/>\n<meta property=\"og:locale\" content=\"fr_FR\" \/>\n<meta property=\"og:type\" content=\"article\" \/>\n<meta property=\"og:title\" content=\"Produit de Nettoyage pour Cuisini\u00e8res et Plans de cuisson - Mister Magic\" \/>\n<meta property=\"og:description\" content=\"Avec notre nettoyant pour cuisini\u00e8res et plaques de cuisson, vous pouvez obtenir une cuisine brillante et simple, propre et plate, avec un rin\u00e7age facile et rapide !\" \/>\n<meta property=\"og:url\" content=\"https:\/\/www.mistermagic.it\/fr\/produits-mister-magic\/produits-de-nettoyage-specifiques\/produit-de-nettoyage-pour-cuisinieres-et-plans-de-cuisson\/\" \/>\n<meta property=\"og:site_name\" content=\"Mister Magic\" \/>\n<meta property=\"article:modified_time\" content=\"2022-01-27T11:40:07+00:00\" \/>\n<meta property=\"og:image\" content=\"https:\/\/www.mistermagic.it\/wp-content\/uploads\/2020\/02\/lavafornelli-1.png\" \/>\n\t<meta property=\"og:image:width\" content=\"400\" \/>\n\t<meta property=\"og:image:height\" content=\"550\" \/>\n\t<meta property=\"og:image:type\" content=\"image\/png\" \/>\n<meta name=\"twitter:card\" content=\"summary_large_image\" \/>\n<script type=\"application\/ld+json\" class=\"yoast-schema-graph\">{\"@context\":\"https:\\\/\\\/schema.org\",\"@graph\":[{\"@type\":\"WebPage\",\"@id\":\"https:\\\/\\\/www.mistermagic.it\\\/fr\\\/produits-mister-magic\\\/produits-de-nettoyage-specifiques\\\/produit-de-nettoyage-pour-cuisinieres-et-plans-de-cuisson\\\/\",\"url\":\"https:\\\/\\\/www.mistermagic.it\\\/fr\\\/produits-mister-magic\\\/produits-de-nettoyage-specifiques\\\/produit-de-nettoyage-pour-cuisinieres-et-plans-de-cuisson\\\/\",\"name\":\"Produit de Nettoyage pour Cuisini\u00e8res et Plans de cuisson - Mister Magic\",\"isPartOf\":{\"@id\":\"https:\\\/\\\/www.mistermagic.it\\\/fr\\\/#website\"},\"primaryImageOfPage\":{\"@id\":\"https:\\\/\\\/www.mistermagic.it\\\/fr\\\/produits-mister-magic\\\/produits-de-nettoyage-specifiques\\\/produit-de-nettoyage-pour-cuisinieres-et-plans-de-cuisson\\\/#primaryimage\"},\"image\":{\"@id\":\"https:\\\/\\\/www.mistermagic.it\\\/fr\\\/produits-mister-magic\\\/produits-de-nettoyage-specifiques\\\/produit-de-nettoyage-pour-cuisinieres-et-plans-de-cuisson\\\/#primaryimage\"},\"thumbnailUrl\":\"https:\\\/\\\/www.mistermagic.it\\\/wp-content\\\/uploads\\\/2020\\\/02\\\/lavafornelli-1.png\",\"datePublished\":\"2020-02-06T08:44:17+00:00\",\"dateModified\":\"2022-01-27T11:40:07+00:00\",\"description\":\"Avec notre nettoyant pour cuisini\u00e8res et plaques de cuisson, vous pouvez obtenir une cuisine brillante et simple, propre et plate, avec un rin\u00e7age facile et rapide !\",\"breadcrumb\":{\"@id\":\"https:\\\/\\\/www.mistermagic.it\\\/fr\\\/produits-mister-magic\\\/produits-de-nettoyage-specifiques\\\/produit-de-nettoyage-pour-cuisinieres-et-plans-de-cuisson\\\/#breadcrumb\"},\"inLanguage\":\"fr-FR\",\"potentialAction\":[{\"@type\":\"ReadAction\",\"target\":[\"https:\\\/\\\/www.mistermagic.it\\\/fr\\\/produits-mister-magic\\\/produits-de-nettoyage-specifiques\\\/produit-de-nettoyage-pour-cuisinieres-et-plans-de-cuisson\\\/\"]}]},{\"@type\":\"ImageObject\",\"inLanguage\":\"fr-FR\",\"@id\":\"https:\\\/\\\/www.mistermagic.it\\\/fr\\\/produits-mister-magic\\\/produits-de-nettoyage-specifiques\\\/produit-de-nettoyage-pour-cuisinieres-et-plans-de-cuisson\\\/#primaryimage\",\"url\":\"https:\\\/\\\/www.mistermagic.it\\\/wp-content\\\/uploads\\\/2020\\\/02\\\/lavafornelli-1.png\",\"contentUrl\":\"https:\\\/\\\/www.mistermagic.it\\\/wp-content\\\/uploads\\\/2020\\\/02\\\/lavafornelli-1.png\",\"width\":400,\"height\":550},{\"@type\":\"BreadcrumbList\",\"@id\":\"https:\\\/\\\/www.mistermagic.it\\\/fr\\\/produits-mister-magic\\\/produits-de-nettoyage-specifiques\\\/produit-de-nettoyage-pour-cuisinieres-et-plans-de-cuisson\\\/#breadcrumb\",\"itemListElement\":[{\"@type\":\"ListItem\",\"position\":1,\"name\":\"Home\",\"item\":\"https:\\\/\\\/www.mistermagic.it\\\/fr\\\/\"},{\"@type\":\"ListItem\",\"position\":2,\"name\":\"Produits de Nettoyage Sp\u00e9cifiques\",\"item\":\"https:\\\/\\\/www.mistermagic.it\\\/fr\\\/produits-mister-magic\\\/produits-de-nettoyage-specifiques\\\/\"},{\"@type\":\"ListItem\",\"position\":3,\"name\":\"Produit de Nettoyage pour Cuisini\u00e8res et Plans de cuisson\"}]},{\"@type\":\"WebSite\",\"@id\":\"https:\\\/\\\/www.mistermagic.it\\\/fr\\\/#website\",\"url\":\"https:\\\/\\\/www.mistermagic.it\\\/fr\\\/\",\"name\":\"Mister Magic\",\"description\":\"Votre alli\u00e9 dans la maison\\n\",\"publisher\":{\"@id\":\"https:\\\/\\\/www.mistermagic.it\\\/fr\\\/#organization\"},\"potentialAction\":[{\"@type\":\"SearchAction\",\"target\":{\"@type\":\"EntryPoint\",\"urlTemplate\":\"https:\\\/\\\/www.mistermagic.it\\\/fr\\\/?s={search_term_string}\"},\"query-input\":{\"@type\":\"PropertyValueSpecification\",\"valueRequired\":true,\"valueName\":\"search_term_string\"}}],\"inLanguage\":\"fr-FR\"},{\"@type\":\"Organization\",\"@id\":\"https:\\\/\\\/www.mistermagic.it\\\/fr\\\/#organization\",\"name\":\"Mister Magic\",\"url\":\"https:\\\/\\\/www.mistermagic.it\\\/fr\\\/\",\"logo\":{\"@type\":\"ImageObject\",\"inLanguage\":\"fr-FR\",\"@id\":\"https:\\\/\\\/www.mistermagic.it\\\/fr\\\/#\\\/schema\\\/logo\\\/image\\\/\",\"url\":\"https:\\\/\\\/www.mistermagic.it\\\/wp-content\\\/uploads\\\/2020\\\/02\\\/LOGO-PER-REGISTRAZIONE_MISTER-MAGIC-01.png\",\"contentUrl\":\"https:\\\/\\\/www.mistermagic.it\\\/wp-content\\\/uploads\\\/2020\\\/02\\\/LOGO-PER-REGISTRAZIONE_MISTER-MAGIC-01.png\",\"width\":153,\"height\":107,\"caption\":\"Mister Magic\"},\"image\":{\"@id\":\"https:\\\/\\\/www.mistermagic.it\\\/fr\\\/#\\\/schema\\\/logo\\\/image\\\/\"}}]}<\/script>\n<!-- \/ Yoast SEO plugin. -->","yoast_head_json":{"title":"Produit de Nettoyage pour Cuisini\u00e8res et Plans de cuisson - Mister Magic","description":"Avec notre nettoyant pour cuisini\u00e8res et plaques de cuisson, vous pouvez obtenir une cuisine brillante et simple, propre et plate, avec un rin\u00e7age facile et rapide !","robots":{"index":"index","follow":"follow","max-snippet":"max-snippet:-1","max-image-preview":"max-image-preview:large","max-video-preview":"max-video-preview:-1"},"canonical":"https:\/\/www.mistermagic.it\/fr\/produits-mister-magic\/produits-de-nettoyage-specifiques\/produit-de-nettoyage-pour-cuisinieres-et-plans-de-cuisson\/","og_locale":"fr_FR","og_type":"article","og_title":"Produit de Nettoyage pour Cuisini\u00e8res et Plans de cuisson - Mister Magic","og_description":"Avec notre nettoyant pour cuisini\u00e8res et plaques de cuisson, vous pouvez obtenir une cuisine brillante et simple, propre et plate, avec un rin\u00e7age facile et rapide !","og_url":"https:\/\/www.mistermagic.it\/fr\/produits-mister-magic\/produits-de-nettoyage-specifiques\/produit-de-nettoyage-pour-cuisinieres-et-plans-de-cuisson\/","og_site_name":"Mister Magic","article_modified_time":"2022-01-27T11:40:07+00:00","og_image":[{"width":400,"height":550,"url":"https:\/\/www.mistermagic.it\/wp-content\/uploads\/2020\/02\/lavafornelli-1.png","type":"image\/png"}],"twitter_card":"summary_large_image","schema":{"@context":"https:\/\/schema.org","@graph":[{"@type":"WebPage","@id":"https:\/\/www.mistermagic.it\/fr\/produits-mister-magic\/produits-de-nettoyage-specifiques\/produit-de-nettoyage-pour-cuisinieres-et-plans-de-cuisson\/","url":"https:\/\/www.mistermagic.it\/fr\/produits-mister-magic\/produits-de-nettoyage-specifiques\/produit-de-nettoyage-pour-cuisinieres-et-plans-de-cuisson\/","name":"Produit de Nettoyage pour Cuisini\u00e8res et Plans de cuisson - Mister Magic","isPartOf":{"@id":"https:\/\/www.mistermagic.it\/fr\/#website"},"primaryImageOfPage":{"@id":"https:\/\/www.mistermagic.it\/fr\/produits-mister-magic\/produits-de-nettoyage-specifiques\/produit-de-nettoyage-pour-cuisinieres-et-plans-de-cuisson\/#primaryimage"},"image":{"@id":"https:\/\/www.mistermagic.it\/fr\/produits-mister-magic\/produits-de-nettoyage-specifiques\/produit-de-nettoyage-pour-cuisinieres-et-plans-de-cuisson\/#primaryimage"},"thumbnailUrl":"https:\/\/www.mistermagic.it\/wp-content\/uploads\/2020\/02\/lavafornelli-1.png","datePublished":"2020-02-06T08:44:17+00:00","dateModified":"2022-01-27T11:40:07+00:00","description":"Avec notre nettoyant pour cuisini\u00e8res et plaques de cuisson, vous pouvez obtenir une cuisine brillante et simple, propre et plate, avec un rin\u00e7age facile et rapide !","breadcrumb":{"@id":"https:\/\/www.mistermagic.it\/fr\/produits-mister-magic\/produits-de-nettoyage-specifiques\/produit-de-nettoyage-pour-cuisinieres-et-plans-de-cuisson\/#breadcrumb"},"inLanguage":"fr-FR","potentialAction":[{"@type":"ReadAction","target":["https:\/\/www.mistermagic.it\/fr\/produits-mister-magic\/produits-de-nettoyage-specifiques\/produit-de-nettoyage-pour-cuisinieres-et-plans-de-cuisson\/"]}]},{"@type":"ImageObject","inLanguage":"fr-FR","@id":"https:\/\/www.mistermagic.it\/fr\/produits-mister-magic\/produits-de-nettoyage-specifiques\/produit-de-nettoyage-pour-cuisinieres-et-plans-de-cuisson\/#primaryimage","url":"https:\/\/www.mistermagic.it\/wp-content\/uploads\/2020\/02\/lavafornelli-1.png","contentUrl":"https:\/\/www.mistermagic.it\/wp-content\/uploads\/2020\/02\/lavafornelli-1.png","width":400,"height":550},{"@type":"BreadcrumbList","@id":"https:\/\/www.mistermagic.it\/fr\/produits-mister-magic\/produits-de-nettoyage-specifiques\/produit-de-nettoyage-pour-cuisinieres-et-plans-de-cuisson\/#breadcrumb","itemListElement":[{"@type":"ListItem","position":1,"name":"Home","item":"https:\/\/www.mistermagic.it\/fr\/"},{"@type":"ListItem","position":2,"name":"Produits de Nettoyage Sp\u00e9cifiques","item":"https:\/\/www.mistermagic.it\/fr\/produits-mister-magic\/produits-de-nettoyage-specifiques\/"},{"@type":"ListItem","position":3,"name":"Produit de Nettoyage pour Cuisini\u00e8res et Plans de cuisson"}]},{"@type":"WebSite","@id":"https:\/\/www.mistermagic.it\/fr\/#website","url":"https:\/\/www.mistermagic.it\/fr\/","name":"Mister Magic","description":"Votre alli\u00e9 dans la maison\n","publisher":{"@id":"https:\/\/www.mistermagic.it\/fr\/#organization"},"potentialAction":[{"@type":"SearchAction","target":{"@type":"EntryPoint","urlTemplate":"https:\/\/www.mistermagic.it\/fr\/?s={search_term_string}"},"query-input":{"@type":"PropertyValueSpecification","valueRequired":true,"valueName":"search_term_string"}}],"inLanguage":"fr-FR"},{"@type":"Organization","@id":"https:\/\/www.mistermagic.it\/fr\/#organization","name":"Mister Magic","url":"https:\/\/www.mistermagic.it\/fr\/","logo":{"@type":"ImageObject","inLanguage":"fr-FR","@id":"https:\/\/www.mistermagic.it\/fr\/#\/schema\/logo\/image\/","url":"https:\/\/www.mistermagic.it\/wp-content\/uploads\/2020\/02\/LOGO-PER-REGISTRAZIONE_MISTER-MAGIC-01.png","contentUrl":"https:\/\/www.mistermagic.it\/wp-content\/uploads\/2020\/02\/LOGO-PER-REGISTRAZIONE_MISTER-MAGIC-01.png","width":153,"height":107,"caption":"Mister Magic"},"image":{"@id":"https:\/\/www.mistermagic.it\/fr\/#\/schema\/logo\/image\/"}}]}},"_links":{"self":[{"href":"https:\/\/www.mistermagic.it\/fr\/wp-json\/wp\/v2\/product\/7885","targetHints":{"allow":["GET"]}}],"collection":[{"href":"https:\/\/www.mistermagic.it\/fr\/wp-json\/wp\/v2\/product"}],"about":[{"href":"https:\/\/www.mistermagic.it\/fr\/wp-json\/wp\/v2\/types\/product"}],"wp:featuredmedia":[{"embeddable":true,"href":"https:\/\/www.mistermagic.it\/fr\/wp-json\/wp\/v2\/media\/7886"}],"wp:attachment":[{"href":"https:\/\/www.mistermagic.it\/fr\/wp-json\/wp\/v2\/media?parent=7885"}],"wp:term":[{"taxonomy":"product_category","embeddable":true,"href":"https:\/\/www.mistermagic.it\/fr\/wp-json\/wp\/v2\/product_category?post=7885"}],"curies":[{"name":"wp","href":"https:\/\/api.w.org\/{rel}","templated":true}]}}