{"id":7907,"date":"2020-02-06T09:17:53","date_gmt":"2020-02-06T09:17:53","guid":{"rendered":"http:\/\/workingfor03.net\/webperformance\/mmagic\/prodotti-mister-magic\/%product_category%\/lavafrigo-e-microonde\/"},"modified":"2021-06-16T11:01:26","modified_gmt":"2021-06-16T11:01:26","slug":"produit-de-nettoyage-pour-refrigerateur-et-micro-ondes","status":"publish","type":"product","link":"https:\/\/www.mistermagic.it\/fr\/produits-mister-magic\/produits-de-nettoyage-specifiques\/produit-de-nettoyage-pour-refrigerateur-et-micro-ondes\/","title":{"rendered":"Produit De Nettoyage pour R\u00e9frig\u00e9rateur et Micro-Ondes"},"content":{"rendered":"","protected":false},"featured_media":9678,"parent":0,"template":"","product_category":[674],"class_list":["post-7907","product","type-product","status-publish","has-post-thumbnail","hentry","product_category-produits-de-nettoyage-specifiques"],"acf":[],"yoast_head":"<!-- This site is optimized with the Yoast SEO plugin v27.5 - https:\/\/yoast.com\/product\/yoast-seo-wordpress\/ -->\n<title>Produit De Nettoyage pour R\u00e9frig\u00e9rateur et Micro-Ondes - Mister Magic<\/title>\n<meta name=\"description\" content=\"Vous souhaitez d\u00e9graisser, nettoyer et assainir le r\u00e9frig\u00e9rateur en une seule \u00e9tape ? D\u00e9couvrez les r\u00e9frig\u00e9rateurs et lave-linge \u00e0 micro-ondes Mister Magic\u00ae.\" \/>\n<meta name=\"robots\" content=\"index, follow, max-snippet:-1, max-image-preview:large, max-video-preview:-1\" \/>\n<link rel=\"canonical\" href=\"https:\/\/www.mistermagic.it\/fr\/produits-mister-magic\/produits-de-nettoyage-specifiques\/produit-de-nettoyage-pour-refrigerateur-et-micro-ondes\/\" \/>\n<meta property=\"og:locale\" content=\"fr_FR\" \/>\n<meta property=\"og:type\" content=\"article\" \/>\n<meta property=\"og:title\" content=\"Produit De Nettoyage pour R\u00e9frig\u00e9rateur et Micro-Ondes - Mister Magic\" \/>\n<meta property=\"og:description\" content=\"Vous souhaitez d\u00e9graisser, nettoyer et assainir le r\u00e9frig\u00e9rateur en une seule \u00e9tape ? D\u00e9couvrez les r\u00e9frig\u00e9rateurs et lave-linge \u00e0 micro-ondes Mister Magic\u00ae.\" \/>\n<meta property=\"og:url\" content=\"https:\/\/www.mistermagic.it\/fr\/produits-mister-magic\/produits-de-nettoyage-specifiques\/produit-de-nettoyage-pour-refrigerateur-et-micro-ondes\/\" \/>\n<meta property=\"og:site_name\" content=\"Mister Magic\" \/>\n<meta property=\"article:modified_time\" content=\"2021-06-16T11:01:26+00:00\" \/>\n<meta property=\"og:image\" content=\"https:\/\/www.mistermagic.it\/wp-content\/uploads\/2020\/02\/lavafrigo-e-micoonde.png\" \/>\n\t<meta property=\"og:image:width\" content=\"400\" \/>\n\t<meta property=\"og:image:height\" content=\"550\" \/>\n\t<meta property=\"og:image:type\" content=\"image\/png\" \/>\n<meta name=\"twitter:card\" content=\"summary_large_image\" \/>\n<script type=\"application\/ld+json\" class=\"yoast-schema-graph\">{\"@context\":\"https:\\\/\\\/schema.org\",\"@graph\":[{\"@type\":\"WebPage\",\"@id\":\"https:\\\/\\\/www.mistermagic.it\\\/fr\\\/produits-mister-magic\\\/produits-de-nettoyage-specifiques\\\/produit-de-nettoyage-pour-refrigerateur-et-micro-ondes\\\/\",\"url\":\"https:\\\/\\\/www.mistermagic.it\\\/fr\\\/produits-mister-magic\\\/produits-de-nettoyage-specifiques\\\/produit-de-nettoyage-pour-refrigerateur-et-micro-ondes\\\/\",\"name\":\"Produit De Nettoyage pour R\u00e9frig\u00e9rateur et Micro-Ondes - Mister Magic\",\"isPartOf\":{\"@id\":\"https:\\\/\\\/www.mistermagic.it\\\/fr\\\/#website\"},\"primaryImageOfPage\":{\"@id\":\"https:\\\/\\\/www.mistermagic.it\\\/fr\\\/produits-mister-magic\\\/produits-de-nettoyage-specifiques\\\/produit-de-nettoyage-pour-refrigerateur-et-micro-ondes\\\/#primaryimage\"},\"image\":{\"@id\":\"https:\\\/\\\/www.mistermagic.it\\\/fr\\\/produits-mister-magic\\\/produits-de-nettoyage-specifiques\\\/produit-de-nettoyage-pour-refrigerateur-et-micro-ondes\\\/#primaryimage\"},\"thumbnailUrl\":\"https:\\\/\\\/www.mistermagic.it\\\/wp-content\\\/uploads\\\/2020\\\/02\\\/NEW_lavafrigo_e_micronde_400x550.png\",\"datePublished\":\"2020-02-06T09:17:53+00:00\",\"dateModified\":\"2021-06-16T11:01:26+00:00\",\"description\":\"Vous souhaitez d\u00e9graisser, nettoyer et assainir le r\u00e9frig\u00e9rateur en une seule \u00e9tape ? D\u00e9couvrez les r\u00e9frig\u00e9rateurs et lave-linge \u00e0 micro-ondes Mister Magic\u00ae.\",\"breadcrumb\":{\"@id\":\"https:\\\/\\\/www.mistermagic.it\\\/fr\\\/produits-mister-magic\\\/produits-de-nettoyage-specifiques\\\/produit-de-nettoyage-pour-refrigerateur-et-micro-ondes\\\/#breadcrumb\"},\"inLanguage\":\"fr-FR\",\"potentialAction\":[{\"@type\":\"ReadAction\",\"target\":[\"https:\\\/\\\/www.mistermagic.it\\\/fr\\\/produits-mister-magic\\\/produits-de-nettoyage-specifiques\\\/produit-de-nettoyage-pour-refrigerateur-et-micro-ondes\\\/\"]}]},{\"@type\":\"ImageObject\",\"inLanguage\":\"fr-FR\",\"@id\":\"https:\\\/\\\/www.mistermagic.it\\\/fr\\\/produits-mister-magic\\\/produits-de-nettoyage-specifiques\\\/produit-de-nettoyage-pour-refrigerateur-et-micro-ondes\\\/#primaryimage\",\"url\":\"https:\\\/\\\/www.mistermagic.it\\\/wp-content\\\/uploads\\\/2020\\\/02\\\/NEW_lavafrigo_e_micronde_400x550.png\",\"contentUrl\":\"https:\\\/\\\/www.mistermagic.it\\\/wp-content\\\/uploads\\\/2020\\\/02\\\/NEW_lavafrigo_e_micronde_400x550.png\",\"width\":400,\"height\":550},{\"@type\":\"BreadcrumbList\",\"@id\":\"https:\\\/\\\/www.mistermagic.it\\\/fr\\\/produits-mister-magic\\\/produits-de-nettoyage-specifiques\\\/produit-de-nettoyage-pour-refrigerateur-et-micro-ondes\\\/#breadcrumb\",\"itemListElement\":[{\"@type\":\"ListItem\",\"position\":1,\"name\":\"Home\",\"item\":\"https:\\\/\\\/www.mistermagic.it\\\/fr\\\/\"},{\"@type\":\"ListItem\",\"position\":2,\"name\":\"Produits de Nettoyage Sp\u00e9cifiques\",\"item\":\"https:\\\/\\\/www.mistermagic.it\\\/fr\\\/produits-mister-magic\\\/produits-de-nettoyage-specifiques\\\/\"},{\"@type\":\"ListItem\",\"position\":3,\"name\":\"Produit De Nettoyage pour R\u00e9frig\u00e9rateur et Micro-Ondes\"}]},{\"@type\":\"WebSite\",\"@id\":\"https:\\\/\\\/www.mistermagic.it\\\/fr\\\/#website\",\"url\":\"https:\\\/\\\/www.mistermagic.it\\\/fr\\\/\",\"name\":\"Mister Magic\",\"description\":\"Votre alli\u00e9 dans la maison\\n\",\"publisher\":{\"@id\":\"https:\\\/\\\/www.mistermagic.it\\\/fr\\\/#organization\"},\"potentialAction\":[{\"@type\":\"SearchAction\",\"target\":{\"@type\":\"EntryPoint\",\"urlTemplate\":\"https:\\\/\\\/www.mistermagic.it\\\/fr\\\/?s={search_term_string}\"},\"query-input\":{\"@type\":\"PropertyValueSpecification\",\"valueRequired\":true,\"valueName\":\"search_term_string\"}}],\"inLanguage\":\"fr-FR\"},{\"@type\":\"Organization\",\"@id\":\"https:\\\/\\\/www.mistermagic.it\\\/fr\\\/#organization\",\"name\":\"Mister Magic\",\"url\":\"https:\\\/\\\/www.mistermagic.it\\\/fr\\\/\",\"logo\":{\"@type\":\"ImageObject\",\"inLanguage\":\"fr-FR\",\"@id\":\"https:\\\/\\\/www.mistermagic.it\\\/fr\\\/#\\\/schema\\\/logo\\\/image\\\/\",\"url\":\"https:\\\/\\\/www.mistermagic.it\\\/wp-content\\\/uploads\\\/2020\\\/02\\\/LOGO-PER-REGISTRAZIONE_MISTER-MAGIC-01.png\",\"contentUrl\":\"https:\\\/\\\/www.mistermagic.it\\\/wp-content\\\/uploads\\\/2020\\\/02\\\/LOGO-PER-REGISTRAZIONE_MISTER-MAGIC-01.png\",\"width\":153,\"height\":107,\"caption\":\"Mister Magic\"},\"image\":{\"@id\":\"https:\\\/\\\/www.mistermagic.it\\\/fr\\\/#\\\/schema\\\/logo\\\/image\\\/\"}}]}<\/script>\n<!-- \/ Yoast SEO plugin. -->","yoast_head_json":{"title":"Produit De Nettoyage pour R\u00e9frig\u00e9rateur et Micro-Ondes - Mister Magic","description":"Vous souhaitez d\u00e9graisser, nettoyer et assainir le r\u00e9frig\u00e9rateur en une seule \u00e9tape ? D\u00e9couvrez les r\u00e9frig\u00e9rateurs et lave-linge \u00e0 micro-ondes Mister Magic\u00ae.","robots":{"index":"index","follow":"follow","max-snippet":"max-snippet:-1","max-image-preview":"max-image-preview:large","max-video-preview":"max-video-preview:-1"},"canonical":"https:\/\/www.mistermagic.it\/fr\/produits-mister-magic\/produits-de-nettoyage-specifiques\/produit-de-nettoyage-pour-refrigerateur-et-micro-ondes\/","og_locale":"fr_FR","og_type":"article","og_title":"Produit De Nettoyage pour R\u00e9frig\u00e9rateur et Micro-Ondes - Mister Magic","og_description":"Vous souhaitez d\u00e9graisser, nettoyer et assainir le r\u00e9frig\u00e9rateur en une seule \u00e9tape ? D\u00e9couvrez les r\u00e9frig\u00e9rateurs et lave-linge \u00e0 micro-ondes Mister Magic\u00ae.","og_url":"https:\/\/www.mistermagic.it\/fr\/produits-mister-magic\/produits-de-nettoyage-specifiques\/produit-de-nettoyage-pour-refrigerateur-et-micro-ondes\/","og_site_name":"Mister Magic","article_modified_time":"2021-06-16T11:01:26+00:00","og_image":[{"width":400,"height":550,"url":"https:\/\/www.mistermagic.it\/wp-content\/uploads\/2020\/02\/lavafrigo-e-micoonde.png","type":"image\/png"}],"twitter_card":"summary_large_image","schema":{"@context":"https:\/\/schema.org","@graph":[{"@type":"WebPage","@id":"https:\/\/www.mistermagic.it\/fr\/produits-mister-magic\/produits-de-nettoyage-specifiques\/produit-de-nettoyage-pour-refrigerateur-et-micro-ondes\/","url":"https:\/\/www.mistermagic.it\/fr\/produits-mister-magic\/produits-de-nettoyage-specifiques\/produit-de-nettoyage-pour-refrigerateur-et-micro-ondes\/","name":"Produit De Nettoyage pour R\u00e9frig\u00e9rateur et Micro-Ondes - Mister Magic","isPartOf":{"@id":"https:\/\/www.mistermagic.it\/fr\/#website"},"primaryImageOfPage":{"@id":"https:\/\/www.mistermagic.it\/fr\/produits-mister-magic\/produits-de-nettoyage-specifiques\/produit-de-nettoyage-pour-refrigerateur-et-micro-ondes\/#primaryimage"},"image":{"@id":"https:\/\/www.mistermagic.it\/fr\/produits-mister-magic\/produits-de-nettoyage-specifiques\/produit-de-nettoyage-pour-refrigerateur-et-micro-ondes\/#primaryimage"},"thumbnailUrl":"https:\/\/www.mistermagic.it\/wp-content\/uploads\/2020\/02\/NEW_lavafrigo_e_micronde_400x550.png","datePublished":"2020-02-06T09:17:53+00:00","dateModified":"2021-06-16T11:01:26+00:00","description":"Vous souhaitez d\u00e9graisser, nettoyer et assainir le r\u00e9frig\u00e9rateur en une seule \u00e9tape ? D\u00e9couvrez les r\u00e9frig\u00e9rateurs et lave-linge \u00e0 micro-ondes Mister Magic\u00ae.","breadcrumb":{"@id":"https:\/\/www.mistermagic.it\/fr\/produits-mister-magic\/produits-de-nettoyage-specifiques\/produit-de-nettoyage-pour-refrigerateur-et-micro-ondes\/#breadcrumb"},"inLanguage":"fr-FR","potentialAction":[{"@type":"ReadAction","target":["https:\/\/www.mistermagic.it\/fr\/produits-mister-magic\/produits-de-nettoyage-specifiques\/produit-de-nettoyage-pour-refrigerateur-et-micro-ondes\/"]}]},{"@type":"ImageObject","inLanguage":"fr-FR","@id":"https:\/\/www.mistermagic.it\/fr\/produits-mister-magic\/produits-de-nettoyage-specifiques\/produit-de-nettoyage-pour-refrigerateur-et-micro-ondes\/#primaryimage","url":"https:\/\/www.mistermagic.it\/wp-content\/uploads\/2020\/02\/NEW_lavafrigo_e_micronde_400x550.png","contentUrl":"https:\/\/www.mistermagic.it\/wp-content\/uploads\/2020\/02\/NEW_lavafrigo_e_micronde_400x550.png","width":400,"height":550},{"@type":"BreadcrumbList","@id":"https:\/\/www.mistermagic.it\/fr\/produits-mister-magic\/produits-de-nettoyage-specifiques\/produit-de-nettoyage-pour-refrigerateur-et-micro-ondes\/#breadcrumb","itemListElement":[{"@type":"ListItem","position":1,"name":"Home","item":"https:\/\/www.mistermagic.it\/fr\/"},{"@type":"ListItem","position":2,"name":"Produits de Nettoyage Sp\u00e9cifiques","item":"https:\/\/www.mistermagic.it\/fr\/produits-mister-magic\/produits-de-nettoyage-specifiques\/"},{"@type":"ListItem","position":3,"name":"Produit De Nettoyage pour R\u00e9frig\u00e9rateur et Micro-Ondes"}]},{"@type":"WebSite","@id":"https:\/\/www.mistermagic.it\/fr\/#website","url":"https:\/\/www.mistermagic.it\/fr\/","name":"Mister Magic","description":"Votre alli\u00e9 dans la maison\n","publisher":{"@id":"https:\/\/www.mistermagic.it\/fr\/#organization"},"potentialAction":[{"@type":"SearchAction","target":{"@type":"EntryPoint","urlTemplate":"https:\/\/www.mistermagic.it\/fr\/?s={search_term_string}"},"query-input":{"@type":"PropertyValueSpecification","valueRequired":true,"valueName":"search_term_string"}}],"inLanguage":"fr-FR"},{"@type":"Organization","@id":"https:\/\/www.mistermagic.it\/fr\/#organization","name":"Mister Magic","url":"https:\/\/www.mistermagic.it\/fr\/","logo":{"@type":"ImageObject","inLanguage":"fr-FR","@id":"https:\/\/www.mistermagic.it\/fr\/#\/schema\/logo\/image\/","url":"https:\/\/www.mistermagic.it\/wp-content\/uploads\/2020\/02\/LOGO-PER-REGISTRAZIONE_MISTER-MAGIC-01.png","contentUrl":"https:\/\/www.mistermagic.it\/wp-content\/uploads\/2020\/02\/LOGO-PER-REGISTRAZIONE_MISTER-MAGIC-01.png","width":153,"height":107,"caption":"Mister Magic"},"image":{"@id":"https:\/\/www.mistermagic.it\/fr\/#\/schema\/logo\/image\/"}}]}},"_links":{"self":[{"href":"https:\/\/www.mistermagic.it\/fr\/wp-json\/wp\/v2\/product\/7907","targetHints":{"allow":["GET"]}}],"collection":[{"href":"https:\/\/www.mistermagic.it\/fr\/wp-json\/wp\/v2\/product"}],"about":[{"href":"https:\/\/www.mistermagic.it\/fr\/wp-json\/wp\/v2\/types\/product"}],"wp:featuredmedia":[{"embeddable":true,"href":"https:\/\/www.mistermagic.it\/fr\/wp-json\/wp\/v2\/media\/9678"}],"wp:attachment":[{"href":"https:\/\/www.mistermagic.it\/fr\/wp-json\/wp\/v2\/media?parent=7907"}],"wp:term":[{"taxonomy":"product_category","embeddable":true,"href":"https:\/\/www.mistermagic.it\/fr\/wp-json\/wp\/v2\/product_category?post=7907"}],"curies":[{"name":"wp","href":"https:\/\/api.w.org\/{rel}","templated":true}]}}