{"id":8455,"date":"2020-01-31T14:18:13","date_gmt":"2020-01-31T14:18:13","guid":{"rendered":"https:\/\/workingfor03.net\/webperformance\/mmagic\/home\/"},"modified":"2024-04-15T14:05:05","modified_gmt":"2024-04-15T14:05:05","slug":"home","status":"publish","type":"page","link":"https:\/\/www.mistermagic.it\/pt-pt\/","title":{"rendered":"Home"},"content":{"rendered":"","protected":false},"excerpt":{"rendered":"","protected":false},"author":6,"featured_media":0,"parent":0,"menu_order":0,"comment_status":"closed","ping_status":"closed","template":"","meta":{"_acf_changed":false,"footnotes":""},"class_list":["post-8455","page","type-page","status-publish","hentry"],"acf":[],"yoast_head":"<!-- This site is optimized with the Yoast SEO plugin v27.4 - https:\/\/yoast.com\/product\/yoast-seo-wordpress\/ -->\n<title>O Seu Aliado Dom\u00e9stico - Mister Magic<\/title>\n<meta name=\"description\" content=\"Mister Magic\u00ae, seu aliado em casa! Produtos espec\u00edficos para o cuidado da m\u00e1quina de lavar lou\u00e7a, para o lar, desodoriza\u00e7\u00e3o e zona de engomar.\" \/>\n<meta name=\"robots\" content=\"index, follow, max-snippet:-1, max-image-preview:large, max-video-preview:-1\" \/>\n<link rel=\"canonical\" href=\"https:\/\/www.mistermagic.it\/pt-pt\/\" \/>\n<meta property=\"og:locale\" content=\"pt_PT\" \/>\n<meta property=\"og:type\" content=\"article\" \/>\n<meta property=\"og:title\" content=\"O Seu Aliado Dom\u00e9stico - Mister Magic\" \/>\n<meta property=\"og:description\" content=\"Mister Magic\u00ae, seu aliado em casa! Produtos espec\u00edficos para o cuidado da m\u00e1quina de lavar lou\u00e7a, para o lar, desodoriza\u00e7\u00e3o e zona de engomar.\" \/>\n<meta property=\"og:url\" content=\"https:\/\/www.mistermagic.it\/pt-pt\/\" \/>\n<meta property=\"og:site_name\" content=\"Mister Magic\" \/>\n<meta property=\"article:modified_time\" content=\"2024-04-15T14:05:05+00:00\" \/>\n<meta name=\"twitter:card\" content=\"summary_large_image\" \/>\n<script type=\"application\/ld+json\" class=\"yoast-schema-graph\">{\"@context\":\"https:\\\/\\\/schema.org\",\"@graph\":[{\"@type\":\"WebPage\",\"@id\":\"https:\\\/\\\/www.mistermagic.it\\\/pt-pt\\\/\",\"url\":\"https:\\\/\\\/www.mistermagic.it\\\/pt-pt\\\/\",\"name\":\"O Seu Aliado Dom\u00e9stico - Mister Magic\",\"isPartOf\":{\"@id\":\"https:\\\/\\\/www.mistermagic.it\\\/pt-pt\\\/#website\"},\"datePublished\":\"2020-01-31T14:18:13+00:00\",\"dateModified\":\"2024-04-15T14:05:05+00:00\",\"description\":\"Mister Magic\u00ae, seu aliado em casa! Produtos espec\u00edficos para o cuidado da m\u00e1quina de lavar lou\u00e7a, para o lar, desodoriza\u00e7\u00e3o e zona de engomar.\",\"breadcrumb\":{\"@id\":\"https:\\\/\\\/www.mistermagic.it\\\/pt-pt\\\/#breadcrumb\"},\"inLanguage\":\"pt-PT\",\"potentialAction\":[{\"@type\":\"ReadAction\",\"target\":[\"https:\\\/\\\/www.mistermagic.it\\\/pt-pt\\\/\"]}]},{\"@type\":\"BreadcrumbList\",\"@id\":\"https:\\\/\\\/www.mistermagic.it\\\/pt-pt\\\/#breadcrumb\",\"itemListElement\":[{\"@type\":\"ListItem\",\"position\":1,\"name\":\"Home\",\"item\":\"https:\\\/\\\/www.mistermagic.it\\\/pt-pt\\\/\"},{\"@type\":\"ListItem\",\"position\":2,\"name\":\"Home\"}]},{\"@type\":\"WebSite\",\"@id\":\"https:\\\/\\\/www.mistermagic.it\\\/pt-pt\\\/#website\",\"url\":\"https:\\\/\\\/www.mistermagic.it\\\/pt-pt\\\/\",\"name\":\"Mister Magic\",\"description\":\"O SEU ALIADO EM CASA\",\"publisher\":{\"@id\":\"https:\\\/\\\/www.mistermagic.it\\\/pt-pt\\\/#organization\"},\"potentialAction\":[{\"@type\":\"SearchAction\",\"target\":{\"@type\":\"EntryPoint\",\"urlTemplate\":\"https:\\\/\\\/www.mistermagic.it\\\/pt-pt\\\/?s={search_term_string}\"},\"query-input\":{\"@type\":\"PropertyValueSpecification\",\"valueRequired\":true,\"valueName\":\"search_term_string\"}}],\"inLanguage\":\"pt-PT\"},{\"@type\":\"Organization\",\"@id\":\"https:\\\/\\\/www.mistermagic.it\\\/pt-pt\\\/#organization\",\"name\":\"Mister Magic\",\"url\":\"https:\\\/\\\/www.mistermagic.it\\\/pt-pt\\\/\",\"logo\":{\"@type\":\"ImageObject\",\"inLanguage\":\"pt-PT\",\"@id\":\"https:\\\/\\\/www.mistermagic.it\\\/pt-pt\\\/#\\\/schema\\\/logo\\\/image\\\/\",\"url\":\"https:\\\/\\\/www.mistermagic.it\\\/wp-content\\\/uploads\\\/2020\\\/02\\\/LOGO-PER-REGISTRAZIONE_MISTER-MAGIC-01.png\",\"contentUrl\":\"https:\\\/\\\/www.mistermagic.it\\\/wp-content\\\/uploads\\\/2020\\\/02\\\/LOGO-PER-REGISTRAZIONE_MISTER-MAGIC-01.png\",\"width\":153,\"height\":107,\"caption\":\"Mister Magic\"},\"image\":{\"@id\":\"https:\\\/\\\/www.mistermagic.it\\\/pt-pt\\\/#\\\/schema\\\/logo\\\/image\\\/\"}}]}<\/script>\n<!-- \/ Yoast SEO plugin. -->","yoast_head_json":{"title":"O Seu Aliado Dom\u00e9stico - Mister Magic","description":"Mister Magic\u00ae, seu aliado em casa! Produtos espec\u00edficos para o cuidado da m\u00e1quina de lavar lou\u00e7a, para o lar, desodoriza\u00e7\u00e3o e zona de engomar.","robots":{"index":"index","follow":"follow","max-snippet":"max-snippet:-1","max-image-preview":"max-image-preview:large","max-video-preview":"max-video-preview:-1"},"canonical":"https:\/\/www.mistermagic.it\/pt-pt\/","og_locale":"pt_PT","og_type":"article","og_title":"O Seu Aliado Dom\u00e9stico - Mister Magic","og_description":"Mister Magic\u00ae, seu aliado em casa! Produtos espec\u00edficos para o cuidado da m\u00e1quina de lavar lou\u00e7a, para o lar, desodoriza\u00e7\u00e3o e zona de engomar.","og_url":"https:\/\/www.mistermagic.it\/pt-pt\/","og_site_name":"Mister Magic","article_modified_time":"2024-04-15T14:05:05+00:00","twitter_card":"summary_large_image","schema":{"@context":"https:\/\/schema.org","@graph":[{"@type":"WebPage","@id":"https:\/\/www.mistermagic.it\/pt-pt\/","url":"https:\/\/www.mistermagic.it\/pt-pt\/","name":"O Seu Aliado Dom\u00e9stico - Mister Magic","isPartOf":{"@id":"https:\/\/www.mistermagic.it\/pt-pt\/#website"},"datePublished":"2020-01-31T14:18:13+00:00","dateModified":"2024-04-15T14:05:05+00:00","description":"Mister Magic\u00ae, seu aliado em casa! Produtos espec\u00edficos para o cuidado da m\u00e1quina de lavar lou\u00e7a, para o lar, desodoriza\u00e7\u00e3o e zona de engomar.","breadcrumb":{"@id":"https:\/\/www.mistermagic.it\/pt-pt\/#breadcrumb"},"inLanguage":"pt-PT","potentialAction":[{"@type":"ReadAction","target":["https:\/\/www.mistermagic.it\/pt-pt\/"]}]},{"@type":"BreadcrumbList","@id":"https:\/\/www.mistermagic.it\/pt-pt\/#breadcrumb","itemListElement":[{"@type":"ListItem","position":1,"name":"Home","item":"https:\/\/www.mistermagic.it\/pt-pt\/"},{"@type":"ListItem","position":2,"name":"Home"}]},{"@type":"WebSite","@id":"https:\/\/www.mistermagic.it\/pt-pt\/#website","url":"https:\/\/www.mistermagic.it\/pt-pt\/","name":"Mister Magic","description":"O SEU ALIADO EM CASA","publisher":{"@id":"https:\/\/www.mistermagic.it\/pt-pt\/#organization"},"potentialAction":[{"@type":"SearchAction","target":{"@type":"EntryPoint","urlTemplate":"https:\/\/www.mistermagic.it\/pt-pt\/?s={search_term_string}"},"query-input":{"@type":"PropertyValueSpecification","valueRequired":true,"valueName":"search_term_string"}}],"inLanguage":"pt-PT"},{"@type":"Organization","@id":"https:\/\/www.mistermagic.it\/pt-pt\/#organization","name":"Mister Magic","url":"https:\/\/www.mistermagic.it\/pt-pt\/","logo":{"@type":"ImageObject","inLanguage":"pt-PT","@id":"https:\/\/www.mistermagic.it\/pt-pt\/#\/schema\/logo\/image\/","url":"https:\/\/www.mistermagic.it\/wp-content\/uploads\/2020\/02\/LOGO-PER-REGISTRAZIONE_MISTER-MAGIC-01.png","contentUrl":"https:\/\/www.mistermagic.it\/wp-content\/uploads\/2020\/02\/LOGO-PER-REGISTRAZIONE_MISTER-MAGIC-01.png","width":153,"height":107,"caption":"Mister Magic"},"image":{"@id":"https:\/\/www.mistermagic.it\/pt-pt\/#\/schema\/logo\/image\/"}}]}},"_links":{"self":[{"href":"https:\/\/www.mistermagic.it\/pt-pt\/wp-json\/wp\/v2\/pages\/8455","targetHints":{"allow":["GET"]}}],"collection":[{"href":"https:\/\/www.mistermagic.it\/pt-pt\/wp-json\/wp\/v2\/pages"}],"about":[{"href":"https:\/\/www.mistermagic.it\/pt-pt\/wp-json\/wp\/v2\/types\/page"}],"author":[{"embeddable":true,"href":"https:\/\/www.mistermagic.it\/pt-pt\/wp-json\/wp\/v2\/users\/6"}],"replies":[{"embeddable":true,"href":"https:\/\/www.mistermagic.it\/pt-pt\/wp-json\/wp\/v2\/comments?post=8455"}],"version-history":[{"count":25,"href":"https:\/\/www.mistermagic.it\/pt-pt\/wp-json\/wp\/v2\/pages\/8455\/revisions"}],"predecessor-version":[{"id":9745,"href":"https:\/\/www.mistermagic.it\/pt-pt\/wp-json\/wp\/v2\/pages\/8455\/revisions\/9745"}],"wp:attachment":[{"href":"https:\/\/www.mistermagic.it\/pt-pt\/wp-json\/wp\/v2\/media?parent=8455"}],"curies":[{"name":"wp","href":"https:\/\/api.w.org\/{rel}","templated":true}]}}