{"id":8461,"date":"2020-02-14T15:00:40","date_gmt":"2020-02-14T15:00:40","guid":{"rendered":"https:\/\/workingfor03.net\/webperformance\/mmagic\/azienda\/"},"modified":"2021-12-01T14:37:26","modified_gmt":"2021-12-01T14:37:26","slug":"empresa","status":"publish","type":"page","link":"https:\/\/www.mistermagic.it\/pt-pt\/empresa\/","title":{"rendered":"Empresa"},"content":{"rendered":"<h2 class=\"title-h2\">Mister Magic<sup>\u00ae<\/sup>, o seu aliado em casa<\/h2>\n<p>Tamb\u00e9m ama a sua casa e est\u00e1 sempre \u00e0 procura de <strong>solu\u00e7\u00f5es de limpeza e de desodoriza\u00e7\u00e3o<\/strong> mais inovadoras e pr\u00e1ticas?<\/p>\n<p>Mister Magic dedica-se \u00e0s suas necessidades e desejos e oferece-lhe<strong> produtos espec\u00edficos<\/strong>\u00a0para diferentes aplica\u00e7\u00f5es com uma especial aten\u00e7\u00e3o \u00e0 excel\u00eancia e \u00e0 inova\u00e7\u00e3o.<\/p>\n<p>Exemplo disso \u00e9 o <strong>Mister Magic Ovetto<\/strong> com a sua mol\u00e9cula exclusiva de absor\u00e7\u00e3o de odores, <strong>n\u00ba 1 entre os absorvedores de odores para o frigorifico em It\u00e1lia<\/strong>, com mais de 20 milh\u00f5es de produtos vendidos: um verdadeiro \u00edcone.<\/p>\n","protected":false},"excerpt":{"rendered":"<p>Mister Magic\u00ae, o seu aliado em casa Tamb\u00e9m ama a sua casa e est\u00e1 sempre \u00e0 procura de solu\u00e7\u00f5es de limpeza e de desodoriza\u00e7\u00e3o mais inovadoras e pr\u00e1ticas? Mister Magic dedica-se \u00e0s suas necessidades e desejos e oferece-lhe produtos espec\u00edficos\u00a0para diferentes aplica\u00e7\u00f5es com uma especial aten\u00e7\u00e3o \u00e0 excel\u00eancia e \u00e0 inova\u00e7\u00e3o. Exemplo disso \u00e9 o [&hellip;]<\/p>\n","protected":false},"author":6,"featured_media":0,"parent":0,"menu_order":0,"comment_status":"closed","ping_status":"closed","template":"interna-page.php","meta":{"_acf_changed":false,"footnotes":""},"class_list":["post-8461","page","type-page","status-publish","hentry"],"acf":[],"yoast_head":"<!-- This site is optimized with the Yoast SEO plugin v26.9 - https:\/\/yoast.com\/product\/yoast-seo-wordpress\/ -->\n<title>Empresa - Mister Magic<\/title>\n<meta name=\"description\" content=\"A Mister Magic\u00ae est\u00e1 atenta \u00e0s suas necessidades e desejos e oferece produtos dedicados e espec\u00edficos para as diferentes necessidades, com foco constante na excel\u00eancia e inova\u00e7\u00e3o.\" \/>\n<meta name=\"robots\" content=\"index, follow, max-snippet:-1, max-image-preview:large, max-video-preview:-1\" \/>\n<link rel=\"canonical\" href=\"https:\/\/www.mistermagic.it\/pt-pt\/empresa\/\" \/>\n<meta property=\"og:locale\" content=\"pt_PT\" \/>\n<meta property=\"og:type\" content=\"article\" \/>\n<meta property=\"og:title\" content=\"Empresa - Mister Magic\" \/>\n<meta property=\"og:description\" content=\"A Mister Magic\u00ae est\u00e1 atenta \u00e0s suas necessidades e desejos e oferece produtos dedicados e espec\u00edficos para as diferentes necessidades, com foco constante na excel\u00eancia e inova\u00e7\u00e3o.\" \/>\n<meta property=\"og:url\" content=\"https:\/\/www.mistermagic.it\/pt-pt\/empresa\/\" \/>\n<meta property=\"og:site_name\" content=\"Mister Magic\" \/>\n<meta property=\"article:modified_time\" content=\"2021-12-01T14:37:26+00:00\" \/>\n<meta name=\"twitter:card\" content=\"summary_large_image\" \/>\n<meta name=\"twitter:label1\" content=\"Tempo estimado de leitura\" \/>\n\t<meta name=\"twitter:data1\" content=\"1 minuto\" \/>\n<script type=\"application\/ld+json\" class=\"yoast-schema-graph\">{\"@context\":\"https:\/\/schema.org\",\"@graph\":[{\"@type\":\"WebPage\",\"@id\":\"https:\/\/www.mistermagic.it\/pt-pt\/empresa\/\",\"url\":\"https:\/\/www.mistermagic.it\/pt-pt\/empresa\/\",\"name\":\"Empresa - Mister Magic\",\"isPartOf\":{\"@id\":\"https:\/\/www.mistermagic.it\/pt-pt\/#website\"},\"datePublished\":\"2020-02-14T15:00:40+00:00\",\"dateModified\":\"2021-12-01T14:37:26+00:00\",\"description\":\"A Mister Magic\u00ae est\u00e1 atenta \u00e0s suas necessidades e desejos e oferece produtos dedicados e espec\u00edficos para as diferentes necessidades, com foco constante na excel\u00eancia e inova\u00e7\u00e3o.\",\"breadcrumb\":{\"@id\":\"https:\/\/www.mistermagic.it\/pt-pt\/empresa\/#breadcrumb\"},\"inLanguage\":\"pt-PT\",\"potentialAction\":[{\"@type\":\"ReadAction\",\"target\":[\"https:\/\/www.mistermagic.it\/pt-pt\/empresa\/\"]}]},{\"@type\":\"BreadcrumbList\",\"@id\":\"https:\/\/www.mistermagic.it\/pt-pt\/empresa\/#breadcrumb\",\"itemListElement\":[{\"@type\":\"ListItem\",\"position\":1,\"name\":\"Home\",\"item\":\"https:\/\/www.mistermagic.it\/pt-pt\/\"},{\"@type\":\"ListItem\",\"position\":2,\"name\":\"Empresa\"}]},{\"@type\":\"WebSite\",\"@id\":\"https:\/\/www.mistermagic.it\/pt-pt\/#website\",\"url\":\"https:\/\/www.mistermagic.it\/pt-pt\/\",\"name\":\"Mister Magic\",\"description\":\"O SEU ALIADO EM CASA\",\"publisher\":{\"@id\":\"https:\/\/www.mistermagic.it\/pt-pt\/#organization\"},\"potentialAction\":[{\"@type\":\"SearchAction\",\"target\":{\"@type\":\"EntryPoint\",\"urlTemplate\":\"https:\/\/www.mistermagic.it\/pt-pt\/?s={search_term_string}\"},\"query-input\":{\"@type\":\"PropertyValueSpecification\",\"valueRequired\":true,\"valueName\":\"search_term_string\"}}],\"inLanguage\":\"pt-PT\"},{\"@type\":\"Organization\",\"@id\":\"https:\/\/www.mistermagic.it\/pt-pt\/#organization\",\"name\":\"Mister Magic\",\"url\":\"https:\/\/www.mistermagic.it\/pt-pt\/\",\"logo\":{\"@type\":\"ImageObject\",\"inLanguage\":\"pt-PT\",\"@id\":\"https:\/\/www.mistermagic.it\/pt-pt\/#\/schema\/logo\/image\/\",\"url\":\"https:\/\/www.mistermagic.it\/wp-content\/uploads\/2020\/02\/LOGO-PER-REGISTRAZIONE_MISTER-MAGIC-01.png\",\"contentUrl\":\"https:\/\/www.mistermagic.it\/wp-content\/uploads\/2020\/02\/LOGO-PER-REGISTRAZIONE_MISTER-MAGIC-01.png\",\"width\":153,\"height\":107,\"caption\":\"Mister Magic\"},\"image\":{\"@id\":\"https:\/\/www.mistermagic.it\/pt-pt\/#\/schema\/logo\/image\/\"}}]}<\/script>\n<!-- \/ Yoast SEO plugin. -->","yoast_head_json":{"title":"Empresa - Mister Magic","description":"A Mister Magic\u00ae est\u00e1 atenta \u00e0s suas necessidades e desejos e oferece produtos dedicados e espec\u00edficos para as diferentes necessidades, com foco constante na excel\u00eancia e inova\u00e7\u00e3o.","robots":{"index":"index","follow":"follow","max-snippet":"max-snippet:-1","max-image-preview":"max-image-preview:large","max-video-preview":"max-video-preview:-1"},"canonical":"https:\/\/www.mistermagic.it\/pt-pt\/empresa\/","og_locale":"pt_PT","og_type":"article","og_title":"Empresa - Mister Magic","og_description":"A Mister Magic\u00ae est\u00e1 atenta \u00e0s suas necessidades e desejos e oferece produtos dedicados e espec\u00edficos para as diferentes necessidades, com foco constante na excel\u00eancia e inova\u00e7\u00e3o.","og_url":"https:\/\/www.mistermagic.it\/pt-pt\/empresa\/","og_site_name":"Mister Magic","article_modified_time":"2021-12-01T14:37:26+00:00","twitter_card":"summary_large_image","twitter_misc":{"Tempo estimado de leitura":"1 minuto"},"schema":{"@context":"https:\/\/schema.org","@graph":[{"@type":"WebPage","@id":"https:\/\/www.mistermagic.it\/pt-pt\/empresa\/","url":"https:\/\/www.mistermagic.it\/pt-pt\/empresa\/","name":"Empresa - Mister Magic","isPartOf":{"@id":"https:\/\/www.mistermagic.it\/pt-pt\/#website"},"datePublished":"2020-02-14T15:00:40+00:00","dateModified":"2021-12-01T14:37:26+00:00","description":"A Mister Magic\u00ae est\u00e1 atenta \u00e0s suas necessidades e desejos e oferece produtos dedicados e espec\u00edficos para as diferentes necessidades, com foco constante na excel\u00eancia e inova\u00e7\u00e3o.","breadcrumb":{"@id":"https:\/\/www.mistermagic.it\/pt-pt\/empresa\/#breadcrumb"},"inLanguage":"pt-PT","potentialAction":[{"@type":"ReadAction","target":["https:\/\/www.mistermagic.it\/pt-pt\/empresa\/"]}]},{"@type":"BreadcrumbList","@id":"https:\/\/www.mistermagic.it\/pt-pt\/empresa\/#breadcrumb","itemListElement":[{"@type":"ListItem","position":1,"name":"Home","item":"https:\/\/www.mistermagic.it\/pt-pt\/"},{"@type":"ListItem","position":2,"name":"Empresa"}]},{"@type":"WebSite","@id":"https:\/\/www.mistermagic.it\/pt-pt\/#website","url":"https:\/\/www.mistermagic.it\/pt-pt\/","name":"Mister Magic","description":"O SEU ALIADO EM CASA","publisher":{"@id":"https:\/\/www.mistermagic.it\/pt-pt\/#organization"},"potentialAction":[{"@type":"SearchAction","target":{"@type":"EntryPoint","urlTemplate":"https:\/\/www.mistermagic.it\/pt-pt\/?s={search_term_string}"},"query-input":{"@type":"PropertyValueSpecification","valueRequired":true,"valueName":"search_term_string"}}],"inLanguage":"pt-PT"},{"@type":"Organization","@id":"https:\/\/www.mistermagic.it\/pt-pt\/#organization","name":"Mister Magic","url":"https:\/\/www.mistermagic.it\/pt-pt\/","logo":{"@type":"ImageObject","inLanguage":"pt-PT","@id":"https:\/\/www.mistermagic.it\/pt-pt\/#\/schema\/logo\/image\/","url":"https:\/\/www.mistermagic.it\/wp-content\/uploads\/2020\/02\/LOGO-PER-REGISTRAZIONE_MISTER-MAGIC-01.png","contentUrl":"https:\/\/www.mistermagic.it\/wp-content\/uploads\/2020\/02\/LOGO-PER-REGISTRAZIONE_MISTER-MAGIC-01.png","width":153,"height":107,"caption":"Mister Magic"},"image":{"@id":"https:\/\/www.mistermagic.it\/pt-pt\/#\/schema\/logo\/image\/"}}]}},"_links":{"self":[{"href":"https:\/\/www.mistermagic.it\/pt-pt\/wp-json\/wp\/v2\/pages\/8461","targetHints":{"allow":["GET"]}}],"collection":[{"href":"https:\/\/www.mistermagic.it\/pt-pt\/wp-json\/wp\/v2\/pages"}],"about":[{"href":"https:\/\/www.mistermagic.it\/pt-pt\/wp-json\/wp\/v2\/types\/page"}],"author":[{"embeddable":true,"href":"https:\/\/www.mistermagic.it\/pt-pt\/wp-json\/wp\/v2\/users\/6"}],"replies":[{"embeddable":true,"href":"https:\/\/www.mistermagic.it\/pt-pt\/wp-json\/wp\/v2\/comments?post=8461"}],"version-history":[{"count":9,"href":"https:\/\/www.mistermagic.it\/pt-pt\/wp-json\/wp\/v2\/pages\/8461\/revisions"}],"predecessor-version":[{"id":9331,"href":"https:\/\/www.mistermagic.it\/pt-pt\/wp-json\/wp\/v2\/pages\/8461\/revisions\/9331"}],"wp:attachment":[{"href":"https:\/\/www.mistermagic.it\/pt-pt\/wp-json\/wp\/v2\/media?parent=8461"}],"curies":[{"name":"wp","href":"https:\/\/api.w.org\/{rel}","templated":true}]}}