{"id":8504,"date":"2020-05-12T10:10:59","date_gmt":"2020-05-12T10:10:59","guid":{"rendered":"https:\/\/workingfor03.net\/webperformance\/mmagic\/prodotti-mister-magic\/"},"modified":"2021-11-05T16:40:54","modified_gmt":"2021-11-05T16:40:54","slug":"produtos-mister-magic","status":"publish","type":"page","link":"https:\/\/www.mistermagic.it\/pt-pt\/produtos-mister-magic\/","title":{"rendered":"Produtos"},"content":{"rendered":"","protected":false},"excerpt":{"rendered":"","protected":false},"author":6,"featured_media":0,"parent":0,"menu_order":0,"comment_status":"closed","ping_status":"closed","template":"page-prodotti.php","meta":{"_acf_changed":false,"footnotes":""},"class_list":["post-8504","page","type-page","status-publish","hentry"],"acf":[],"yoast_head":"<!-- This site is optimized with the Yoast SEO plugin v27.4 - https:\/\/yoast.com\/product\/yoast-seo-wordpress\/ -->\n<title>Produtos de desodoriza\u00e7\u00e3o e limpeza para casa - Mister Magic<\/title>\n<meta name=\"description\" content=\"4 linhas completas de produtos espec\u00edficos e eficazes para desodorizar e limpar a sua casa. Descubra seus aliados em casa!\" \/>\n<meta name=\"robots\" content=\"index, follow, max-snippet:-1, max-image-preview:large, max-video-preview:-1\" \/>\n<link rel=\"canonical\" href=\"https:\/\/www.mistermagic.it\/pt-pt\/produtos-mister-magic\/\" \/>\n<meta property=\"og:locale\" content=\"pt_PT\" \/>\n<meta property=\"og:type\" content=\"article\" \/>\n<meta property=\"og:title\" content=\"Produtos de desodoriza\u00e7\u00e3o e limpeza para casa - Mister Magic\" \/>\n<meta property=\"og:description\" content=\"4 linhas completas de produtos espec\u00edficos e eficazes para desodorizar e limpar a sua casa. Descubra seus aliados em casa!\" \/>\n<meta property=\"og:url\" content=\"https:\/\/www.mistermagic.it\/pt-pt\/produtos-mister-magic\/\" \/>\n<meta property=\"og:site_name\" content=\"Mister Magic\" \/>\n<meta property=\"article:modified_time\" content=\"2021-11-05T16:40:54+00:00\" \/>\n<meta name=\"twitter:card\" content=\"summary_large_image\" \/>\n<script type=\"application\/ld+json\" class=\"yoast-schema-graph\">{\"@context\":\"https:\\\/\\\/schema.org\",\"@graph\":[{\"@type\":\"WebPage\",\"@id\":\"https:\\\/\\\/www.mistermagic.it\\\/pt-pt\\\/produtos-mister-magic\\\/\",\"url\":\"https:\\\/\\\/www.mistermagic.it\\\/pt-pt\\\/produtos-mister-magic\\\/\",\"name\":\"Produtos de desodoriza\u00e7\u00e3o e limpeza para casa - Mister Magic\",\"isPartOf\":{\"@id\":\"https:\\\/\\\/www.mistermagic.it\\\/pt-pt\\\/#website\"},\"datePublished\":\"2020-05-12T10:10:59+00:00\",\"dateModified\":\"2021-11-05T16:40:54+00:00\",\"description\":\"4 linhas completas de produtos espec\u00edficos e eficazes para desodorizar e limpar a sua casa. Descubra seus aliados em casa!\",\"breadcrumb\":{\"@id\":\"https:\\\/\\\/www.mistermagic.it\\\/pt-pt\\\/produtos-mister-magic\\\/#breadcrumb\"},\"inLanguage\":\"pt-PT\",\"potentialAction\":[{\"@type\":\"ReadAction\",\"target\":[\"https:\\\/\\\/www.mistermagic.it\\\/pt-pt\\\/produtos-mister-magic\\\/\"]}]},{\"@type\":\"BreadcrumbList\",\"@id\":\"https:\\\/\\\/www.mistermagic.it\\\/pt-pt\\\/produtos-mister-magic\\\/#breadcrumb\",\"itemListElement\":[{\"@type\":\"ListItem\",\"position\":1,\"name\":\"Home\",\"item\":\"https:\\\/\\\/www.mistermagic.it\\\/pt-pt\\\/\"},{\"@type\":\"ListItem\",\"position\":2,\"name\":\"Produtos\"}]},{\"@type\":\"WebSite\",\"@id\":\"https:\\\/\\\/www.mistermagic.it\\\/pt-pt\\\/#website\",\"url\":\"https:\\\/\\\/www.mistermagic.it\\\/pt-pt\\\/\",\"name\":\"Mister Magic\",\"description\":\"O SEU ALIADO EM CASA\",\"publisher\":{\"@id\":\"https:\\\/\\\/www.mistermagic.it\\\/pt-pt\\\/#organization\"},\"potentialAction\":[{\"@type\":\"SearchAction\",\"target\":{\"@type\":\"EntryPoint\",\"urlTemplate\":\"https:\\\/\\\/www.mistermagic.it\\\/pt-pt\\\/?s={search_term_string}\"},\"query-input\":{\"@type\":\"PropertyValueSpecification\",\"valueRequired\":true,\"valueName\":\"search_term_string\"}}],\"inLanguage\":\"pt-PT\"},{\"@type\":\"Organization\",\"@id\":\"https:\\\/\\\/www.mistermagic.it\\\/pt-pt\\\/#organization\",\"name\":\"Mister Magic\",\"url\":\"https:\\\/\\\/www.mistermagic.it\\\/pt-pt\\\/\",\"logo\":{\"@type\":\"ImageObject\",\"inLanguage\":\"pt-PT\",\"@id\":\"https:\\\/\\\/www.mistermagic.it\\\/pt-pt\\\/#\\\/schema\\\/logo\\\/image\\\/\",\"url\":\"https:\\\/\\\/www.mistermagic.it\\\/wp-content\\\/uploads\\\/2020\\\/02\\\/LOGO-PER-REGISTRAZIONE_MISTER-MAGIC-01.png\",\"contentUrl\":\"https:\\\/\\\/www.mistermagic.it\\\/wp-content\\\/uploads\\\/2020\\\/02\\\/LOGO-PER-REGISTRAZIONE_MISTER-MAGIC-01.png\",\"width\":153,\"height\":107,\"caption\":\"Mister Magic\"},\"image\":{\"@id\":\"https:\\\/\\\/www.mistermagic.it\\\/pt-pt\\\/#\\\/schema\\\/logo\\\/image\\\/\"}}]}<\/script>\n<!-- \/ Yoast SEO plugin. -->","yoast_head_json":{"title":"Produtos de desodoriza\u00e7\u00e3o e limpeza para casa - Mister Magic","description":"4 linhas completas de produtos espec\u00edficos e eficazes para desodorizar e limpar a sua casa. Descubra seus aliados em casa!","robots":{"index":"index","follow":"follow","max-snippet":"max-snippet:-1","max-image-preview":"max-image-preview:large","max-video-preview":"max-video-preview:-1"},"canonical":"https:\/\/www.mistermagic.it\/pt-pt\/produtos-mister-magic\/","og_locale":"pt_PT","og_type":"article","og_title":"Produtos de desodoriza\u00e7\u00e3o e limpeza para casa - Mister Magic","og_description":"4 linhas completas de produtos espec\u00edficos e eficazes para desodorizar e limpar a sua casa. Descubra seus aliados em casa!","og_url":"https:\/\/www.mistermagic.it\/pt-pt\/produtos-mister-magic\/","og_site_name":"Mister Magic","article_modified_time":"2021-11-05T16:40:54+00:00","twitter_card":"summary_large_image","schema":{"@context":"https:\/\/schema.org","@graph":[{"@type":"WebPage","@id":"https:\/\/www.mistermagic.it\/pt-pt\/produtos-mister-magic\/","url":"https:\/\/www.mistermagic.it\/pt-pt\/produtos-mister-magic\/","name":"Produtos de desodoriza\u00e7\u00e3o e limpeza para casa - Mister Magic","isPartOf":{"@id":"https:\/\/www.mistermagic.it\/pt-pt\/#website"},"datePublished":"2020-05-12T10:10:59+00:00","dateModified":"2021-11-05T16:40:54+00:00","description":"4 linhas completas de produtos espec\u00edficos e eficazes para desodorizar e limpar a sua casa. Descubra seus aliados em casa!","breadcrumb":{"@id":"https:\/\/www.mistermagic.it\/pt-pt\/produtos-mister-magic\/#breadcrumb"},"inLanguage":"pt-PT","potentialAction":[{"@type":"ReadAction","target":["https:\/\/www.mistermagic.it\/pt-pt\/produtos-mister-magic\/"]}]},{"@type":"BreadcrumbList","@id":"https:\/\/www.mistermagic.it\/pt-pt\/produtos-mister-magic\/#breadcrumb","itemListElement":[{"@type":"ListItem","position":1,"name":"Home","item":"https:\/\/www.mistermagic.it\/pt-pt\/"},{"@type":"ListItem","position":2,"name":"Produtos"}]},{"@type":"WebSite","@id":"https:\/\/www.mistermagic.it\/pt-pt\/#website","url":"https:\/\/www.mistermagic.it\/pt-pt\/","name":"Mister Magic","description":"O SEU ALIADO EM CASA","publisher":{"@id":"https:\/\/www.mistermagic.it\/pt-pt\/#organization"},"potentialAction":[{"@type":"SearchAction","target":{"@type":"EntryPoint","urlTemplate":"https:\/\/www.mistermagic.it\/pt-pt\/?s={search_term_string}"},"query-input":{"@type":"PropertyValueSpecification","valueRequired":true,"valueName":"search_term_string"}}],"inLanguage":"pt-PT"},{"@type":"Organization","@id":"https:\/\/www.mistermagic.it\/pt-pt\/#organization","name":"Mister Magic","url":"https:\/\/www.mistermagic.it\/pt-pt\/","logo":{"@type":"ImageObject","inLanguage":"pt-PT","@id":"https:\/\/www.mistermagic.it\/pt-pt\/#\/schema\/logo\/image\/","url":"https:\/\/www.mistermagic.it\/wp-content\/uploads\/2020\/02\/LOGO-PER-REGISTRAZIONE_MISTER-MAGIC-01.png","contentUrl":"https:\/\/www.mistermagic.it\/wp-content\/uploads\/2020\/02\/LOGO-PER-REGISTRAZIONE_MISTER-MAGIC-01.png","width":153,"height":107,"caption":"Mister Magic"},"image":{"@id":"https:\/\/www.mistermagic.it\/pt-pt\/#\/schema\/logo\/image\/"}}]}},"_links":{"self":[{"href":"https:\/\/www.mistermagic.it\/pt-pt\/wp-json\/wp\/v2\/pages\/8504","targetHints":{"allow":["GET"]}}],"collection":[{"href":"https:\/\/www.mistermagic.it\/pt-pt\/wp-json\/wp\/v2\/pages"}],"about":[{"href":"https:\/\/www.mistermagic.it\/pt-pt\/wp-json\/wp\/v2\/types\/page"}],"author":[{"embeddable":true,"href":"https:\/\/www.mistermagic.it\/pt-pt\/wp-json\/wp\/v2\/users\/6"}],"replies":[{"embeddable":true,"href":"https:\/\/www.mistermagic.it\/pt-pt\/wp-json\/wp\/v2\/comments?post=8504"}],"version-history":[{"count":8,"href":"https:\/\/www.mistermagic.it\/pt-pt\/wp-json\/wp\/v2\/pages\/8504\/revisions"}],"predecessor-version":[{"id":9236,"href":"https:\/\/www.mistermagic.it\/pt-pt\/wp-json\/wp\/v2\/pages\/8504\/revisions\/9236"}],"wp:attachment":[{"href":"https:\/\/www.mistermagic.it\/pt-pt\/wp-json\/wp\/v2\/media?parent=8504"}],"curies":[{"name":"wp","href":"https:\/\/api.w.org\/{rel}","templated":true}]}}