{"id":8547,"date":"2020-02-21T14:14:20","date_gmt":"2020-02-21T14:14:20","guid":{"rendered":"https:\/\/workingfor03.net\/webperformance\/mmagic\/prodotti-mister-magic\/%product_category%\/fantasmini\/"},"modified":"2021-11-05T10:15:47","modified_gmt":"2021-11-05T10:15:47","slug":"fantasminhas","status":"publish","type":"product","link":"https:\/\/www.mistermagic.it\/pt-pt\/produtos-mister-magic\/desodorizacao-pt\/fantasminhas\/","title":{"rendered":"Fantasminhas"},"content":{"rendered":"","protected":false},"featured_media":8548,"parent":0,"template":"","product_category":[751],"class_list":["post-8547","product","type-product","status-publish","has-post-thumbnail","hentry","product_category-desodorizacao-pt"],"acf":[],"yoast_head":"<!-- This site is optimized with the Yoast SEO plugin v27.4 - https:\/\/yoast.com\/product\/yoast-seo-wordpress\/ -->\n<title>Fantasminhas - Mister Magic<\/title>\n<meta name=\"description\" content=\"Em cada embalagem, 6 adesivos em forma de fantasma capazes de liberar subst\u00e2ncias neutralizantes de odores desagrad\u00e1veis. Um aroma c\u00edtrico delicado.\" \/>\n<meta name=\"robots\" content=\"index, follow, max-snippet:-1, max-image-preview:large, max-video-preview:-1\" \/>\n<link rel=\"canonical\" href=\"https:\/\/www.mistermagic.it\/pt-pt\/produtos-mister-magic\/desodorizacao-pt\/fantasminhas\/\" \/>\n<meta property=\"og:locale\" content=\"pt_PT\" \/>\n<meta property=\"og:type\" content=\"article\" \/>\n<meta property=\"og:title\" content=\"Fantasminhas - Mister Magic\" \/>\n<meta property=\"og:description\" content=\"Em cada embalagem, 6 adesivos em forma de fantasma capazes de liberar subst\u00e2ncias neutralizantes de odores desagrad\u00e1veis. Um aroma c\u00edtrico delicado.\" \/>\n<meta property=\"og:url\" content=\"https:\/\/www.mistermagic.it\/pt-pt\/produtos-mister-magic\/desodorizacao-pt\/fantasminhas\/\" \/>\n<meta property=\"og:site_name\" content=\"Mister Magic\" \/>\n<meta property=\"article:modified_time\" content=\"2021-11-05T10:15:47+00:00\" \/>\n<meta property=\"og:image\" content=\"https:\/\/www.mistermagic.it\/wp-content\/uploads\/2020\/02\/fantasmini-1.png\" \/>\n\t<meta property=\"og:image:width\" content=\"400\" \/>\n\t<meta property=\"og:image:height\" content=\"400\" \/>\n\t<meta property=\"og:image:type\" content=\"image\/png\" \/>\n<meta name=\"twitter:card\" content=\"summary_large_image\" \/>\n<script type=\"application\/ld+json\" class=\"yoast-schema-graph\">{\"@context\":\"https:\\\/\\\/schema.org\",\"@graph\":[{\"@type\":\"WebPage\",\"@id\":\"https:\\\/\\\/www.mistermagic.it\\\/pt-pt\\\/produtos-mister-magic\\\/desodorizacao-pt\\\/fantasminhas\\\/\",\"url\":\"https:\\\/\\\/www.mistermagic.it\\\/pt-pt\\\/produtos-mister-magic\\\/desodorizacao-pt\\\/fantasminhas\\\/\",\"name\":\"Fantasminhas - Mister Magic\",\"isPartOf\":{\"@id\":\"https:\\\/\\\/www.mistermagic.it\\\/pt-pt\\\/#website\"},\"primaryImageOfPage\":{\"@id\":\"https:\\\/\\\/www.mistermagic.it\\\/pt-pt\\\/produtos-mister-magic\\\/desodorizacao-pt\\\/fantasminhas\\\/#primaryimage\"},\"image\":{\"@id\":\"https:\\\/\\\/www.mistermagic.it\\\/pt-pt\\\/produtos-mister-magic\\\/desodorizacao-pt\\\/fantasminhas\\\/#primaryimage\"},\"thumbnailUrl\":\"https:\\\/\\\/www.mistermagic.it\\\/wp-content\\\/uploads\\\/2020\\\/02\\\/fantasmini-1.png\",\"datePublished\":\"2020-02-21T14:14:20+00:00\",\"dateModified\":\"2021-11-05T10:15:47+00:00\",\"description\":\"Em cada embalagem, 6 adesivos em forma de fantasma capazes de liberar subst\u00e2ncias neutralizantes de odores desagrad\u00e1veis. Um aroma c\u00edtrico delicado.\",\"breadcrumb\":{\"@id\":\"https:\\\/\\\/www.mistermagic.it\\\/pt-pt\\\/produtos-mister-magic\\\/desodorizacao-pt\\\/fantasminhas\\\/#breadcrumb\"},\"inLanguage\":\"pt-PT\",\"potentialAction\":[{\"@type\":\"ReadAction\",\"target\":[\"https:\\\/\\\/www.mistermagic.it\\\/pt-pt\\\/produtos-mister-magic\\\/desodorizacao-pt\\\/fantasminhas\\\/\"]}]},{\"@type\":\"ImageObject\",\"inLanguage\":\"pt-PT\",\"@id\":\"https:\\\/\\\/www.mistermagic.it\\\/pt-pt\\\/produtos-mister-magic\\\/desodorizacao-pt\\\/fantasminhas\\\/#primaryimage\",\"url\":\"https:\\\/\\\/www.mistermagic.it\\\/wp-content\\\/uploads\\\/2020\\\/02\\\/fantasmini-1.png\",\"contentUrl\":\"https:\\\/\\\/www.mistermagic.it\\\/wp-content\\\/uploads\\\/2020\\\/02\\\/fantasmini-1.png\",\"width\":400,\"height\":400},{\"@type\":\"BreadcrumbList\",\"@id\":\"https:\\\/\\\/www.mistermagic.it\\\/pt-pt\\\/produtos-mister-magic\\\/desodorizacao-pt\\\/fantasminhas\\\/#breadcrumb\",\"itemListElement\":[{\"@type\":\"ListItem\",\"position\":1,\"name\":\"Home\",\"item\":\"https:\\\/\\\/www.mistermagic.it\\\/pt-pt\\\/\"},{\"@type\":\"ListItem\",\"position\":2,\"name\":\"Desodoriza\u00e7\u00e3o\",\"item\":\"https:\\\/\\\/www.mistermagic.it\\\/pt-pt\\\/produtos-mister-magic\\\/desodorizacao-pt\\\/\"},{\"@type\":\"ListItem\",\"position\":3,\"name\":\"Fantasminhas\"}]},{\"@type\":\"WebSite\",\"@id\":\"https:\\\/\\\/www.mistermagic.it\\\/pt-pt\\\/#website\",\"url\":\"https:\\\/\\\/www.mistermagic.it\\\/pt-pt\\\/\",\"name\":\"Mister Magic\",\"description\":\"O SEU ALIADO EM CASA\",\"publisher\":{\"@id\":\"https:\\\/\\\/www.mistermagic.it\\\/pt-pt\\\/#organization\"},\"potentialAction\":[{\"@type\":\"SearchAction\",\"target\":{\"@type\":\"EntryPoint\",\"urlTemplate\":\"https:\\\/\\\/www.mistermagic.it\\\/pt-pt\\\/?s={search_term_string}\"},\"query-input\":{\"@type\":\"PropertyValueSpecification\",\"valueRequired\":true,\"valueName\":\"search_term_string\"}}],\"inLanguage\":\"pt-PT\"},{\"@type\":\"Organization\",\"@id\":\"https:\\\/\\\/www.mistermagic.it\\\/pt-pt\\\/#organization\",\"name\":\"Mister Magic\",\"url\":\"https:\\\/\\\/www.mistermagic.it\\\/pt-pt\\\/\",\"logo\":{\"@type\":\"ImageObject\",\"inLanguage\":\"pt-PT\",\"@id\":\"https:\\\/\\\/www.mistermagic.it\\\/pt-pt\\\/#\\\/schema\\\/logo\\\/image\\\/\",\"url\":\"https:\\\/\\\/www.mistermagic.it\\\/wp-content\\\/uploads\\\/2020\\\/02\\\/LOGO-PER-REGISTRAZIONE_MISTER-MAGIC-01.png\",\"contentUrl\":\"https:\\\/\\\/www.mistermagic.it\\\/wp-content\\\/uploads\\\/2020\\\/02\\\/LOGO-PER-REGISTRAZIONE_MISTER-MAGIC-01.png\",\"width\":153,\"height\":107,\"caption\":\"Mister Magic\"},\"image\":{\"@id\":\"https:\\\/\\\/www.mistermagic.it\\\/pt-pt\\\/#\\\/schema\\\/logo\\\/image\\\/\"}}]}<\/script>\n<!-- \/ Yoast SEO plugin. -->","yoast_head_json":{"title":"Fantasminhas - Mister Magic","description":"Em cada embalagem, 6 adesivos em forma de fantasma capazes de liberar subst\u00e2ncias neutralizantes de odores desagrad\u00e1veis. Um aroma c\u00edtrico delicado.","robots":{"index":"index","follow":"follow","max-snippet":"max-snippet:-1","max-image-preview":"max-image-preview:large","max-video-preview":"max-video-preview:-1"},"canonical":"https:\/\/www.mistermagic.it\/pt-pt\/produtos-mister-magic\/desodorizacao-pt\/fantasminhas\/","og_locale":"pt_PT","og_type":"article","og_title":"Fantasminhas - Mister Magic","og_description":"Em cada embalagem, 6 adesivos em forma de fantasma capazes de liberar subst\u00e2ncias neutralizantes de odores desagrad\u00e1veis. Um aroma c\u00edtrico delicado.","og_url":"https:\/\/www.mistermagic.it\/pt-pt\/produtos-mister-magic\/desodorizacao-pt\/fantasminhas\/","og_site_name":"Mister Magic","article_modified_time":"2021-11-05T10:15:47+00:00","og_image":[{"width":400,"height":400,"url":"https:\/\/www.mistermagic.it\/wp-content\/uploads\/2020\/02\/fantasmini-1.png","type":"image\/png"}],"twitter_card":"summary_large_image","schema":{"@context":"https:\/\/schema.org","@graph":[{"@type":"WebPage","@id":"https:\/\/www.mistermagic.it\/pt-pt\/produtos-mister-magic\/desodorizacao-pt\/fantasminhas\/","url":"https:\/\/www.mistermagic.it\/pt-pt\/produtos-mister-magic\/desodorizacao-pt\/fantasminhas\/","name":"Fantasminhas - Mister Magic","isPartOf":{"@id":"https:\/\/www.mistermagic.it\/pt-pt\/#website"},"primaryImageOfPage":{"@id":"https:\/\/www.mistermagic.it\/pt-pt\/produtos-mister-magic\/desodorizacao-pt\/fantasminhas\/#primaryimage"},"image":{"@id":"https:\/\/www.mistermagic.it\/pt-pt\/produtos-mister-magic\/desodorizacao-pt\/fantasminhas\/#primaryimage"},"thumbnailUrl":"https:\/\/www.mistermagic.it\/wp-content\/uploads\/2020\/02\/fantasmini-1.png","datePublished":"2020-02-21T14:14:20+00:00","dateModified":"2021-11-05T10:15:47+00:00","description":"Em cada embalagem, 6 adesivos em forma de fantasma capazes de liberar subst\u00e2ncias neutralizantes de odores desagrad\u00e1veis. Um aroma c\u00edtrico delicado.","breadcrumb":{"@id":"https:\/\/www.mistermagic.it\/pt-pt\/produtos-mister-magic\/desodorizacao-pt\/fantasminhas\/#breadcrumb"},"inLanguage":"pt-PT","potentialAction":[{"@type":"ReadAction","target":["https:\/\/www.mistermagic.it\/pt-pt\/produtos-mister-magic\/desodorizacao-pt\/fantasminhas\/"]}]},{"@type":"ImageObject","inLanguage":"pt-PT","@id":"https:\/\/www.mistermagic.it\/pt-pt\/produtos-mister-magic\/desodorizacao-pt\/fantasminhas\/#primaryimage","url":"https:\/\/www.mistermagic.it\/wp-content\/uploads\/2020\/02\/fantasmini-1.png","contentUrl":"https:\/\/www.mistermagic.it\/wp-content\/uploads\/2020\/02\/fantasmini-1.png","width":400,"height":400},{"@type":"BreadcrumbList","@id":"https:\/\/www.mistermagic.it\/pt-pt\/produtos-mister-magic\/desodorizacao-pt\/fantasminhas\/#breadcrumb","itemListElement":[{"@type":"ListItem","position":1,"name":"Home","item":"https:\/\/www.mistermagic.it\/pt-pt\/"},{"@type":"ListItem","position":2,"name":"Desodoriza\u00e7\u00e3o","item":"https:\/\/www.mistermagic.it\/pt-pt\/produtos-mister-magic\/desodorizacao-pt\/"},{"@type":"ListItem","position":3,"name":"Fantasminhas"}]},{"@type":"WebSite","@id":"https:\/\/www.mistermagic.it\/pt-pt\/#website","url":"https:\/\/www.mistermagic.it\/pt-pt\/","name":"Mister Magic","description":"O SEU ALIADO EM CASA","publisher":{"@id":"https:\/\/www.mistermagic.it\/pt-pt\/#organization"},"potentialAction":[{"@type":"SearchAction","target":{"@type":"EntryPoint","urlTemplate":"https:\/\/www.mistermagic.it\/pt-pt\/?s={search_term_string}"},"query-input":{"@type":"PropertyValueSpecification","valueRequired":true,"valueName":"search_term_string"}}],"inLanguage":"pt-PT"},{"@type":"Organization","@id":"https:\/\/www.mistermagic.it\/pt-pt\/#organization","name":"Mister Magic","url":"https:\/\/www.mistermagic.it\/pt-pt\/","logo":{"@type":"ImageObject","inLanguage":"pt-PT","@id":"https:\/\/www.mistermagic.it\/pt-pt\/#\/schema\/logo\/image\/","url":"https:\/\/www.mistermagic.it\/wp-content\/uploads\/2020\/02\/LOGO-PER-REGISTRAZIONE_MISTER-MAGIC-01.png","contentUrl":"https:\/\/www.mistermagic.it\/wp-content\/uploads\/2020\/02\/LOGO-PER-REGISTRAZIONE_MISTER-MAGIC-01.png","width":153,"height":107,"caption":"Mister Magic"},"image":{"@id":"https:\/\/www.mistermagic.it\/pt-pt\/#\/schema\/logo\/image\/"}}]}},"_links":{"self":[{"href":"https:\/\/www.mistermagic.it\/pt-pt\/wp-json\/wp\/v2\/product\/8547","targetHints":{"allow":["GET"]}}],"collection":[{"href":"https:\/\/www.mistermagic.it\/pt-pt\/wp-json\/wp\/v2\/product"}],"about":[{"href":"https:\/\/www.mistermagic.it\/pt-pt\/wp-json\/wp\/v2\/types\/product"}],"wp:featuredmedia":[{"embeddable":true,"href":"https:\/\/www.mistermagic.it\/pt-pt\/wp-json\/wp\/v2\/media\/8548"}],"wp:attachment":[{"href":"https:\/\/www.mistermagic.it\/pt-pt\/wp-json\/wp\/v2\/media?parent=8547"}],"wp:term":[{"taxonomy":"product_category","embeddable":true,"href":"https:\/\/www.mistermagic.it\/pt-pt\/wp-json\/wp\/v2\/product_category?post=8547"}],"curies":[{"name":"wp","href":"https:\/\/api.w.org\/{rel}","templated":true}]}}