{"id":8641,"date":"2020-02-03T11:54:41","date_gmt":"2020-02-03T11:54:41","guid":{"rendered":"https:\/\/workingfor03.net\/webperformance\/mmagic\/prodotti-mister-magic\/%product_category%\/trattamento-lavelli-e-docce\/"},"modified":"2021-11-05T10:12:08","modified_gmt":"2021-11-05T10:12:08","slug":"tratamento-para-lavatorios-e-duches","status":"publish","type":"product","link":"https:\/\/www.mistermagic.it\/pt-pt\/produtos-mister-magic\/desodorizacao-pt\/tratamento-para-lavatorios-e-duches\/","title":{"rendered":"Tratamento Para Lavat\u00f3rios E Duches"},"content":{"rendered":"","protected":false},"featured_media":8642,"parent":0,"template":"","product_category":[751],"class_list":["post-8641","product","type-product","status-publish","has-post-thumbnail","hentry","product_category-desodorizacao-pt"],"acf":[],"yoast_head":"<!-- This site is optimized with the Yoast SEO plugin v27.4 - https:\/\/yoast.com\/product\/yoast-seo-wordpress\/ -->\n<title>Tratamento Para Lavat\u00f3rios E Duches - Mister Magic<\/title>\n<meta name=\"description\" content=\"O Tratamento Pia e Chuveiro possui uma combina\u00e7\u00e3o eficaz de agentes biol\u00f3gicos ativos e componentes qu\u00edmicos capazes de eliminar dep\u00f3sitos de sujeira.\" \/>\n<meta name=\"robots\" content=\"index, follow, max-snippet:-1, max-image-preview:large, max-video-preview:-1\" \/>\n<link rel=\"canonical\" href=\"https:\/\/www.mistermagic.it\/pt-pt\/produtos-mister-magic\/desodorizacao-pt\/tratamento-para-lavatorios-e-duches\/\" \/>\n<meta property=\"og:locale\" content=\"pt_PT\" \/>\n<meta property=\"og:type\" content=\"article\" \/>\n<meta property=\"og:title\" content=\"Tratamento Para Lavat\u00f3rios E Duches - Mister Magic\" \/>\n<meta property=\"og:description\" content=\"O Tratamento Pia e Chuveiro possui uma combina\u00e7\u00e3o eficaz de agentes biol\u00f3gicos ativos e componentes qu\u00edmicos capazes de eliminar dep\u00f3sitos de sujeira.\" \/>\n<meta property=\"og:url\" content=\"https:\/\/www.mistermagic.it\/pt-pt\/produtos-mister-magic\/desodorizacao-pt\/tratamento-para-lavatorios-e-duches\/\" \/>\n<meta property=\"og:site_name\" content=\"Mister Magic\" \/>\n<meta property=\"article:modified_time\" content=\"2021-11-05T10:12:08+00:00\" \/>\n<meta property=\"og:image\" content=\"https:\/\/www.mistermagic.it\/wp-content\/uploads\/2020\/02\/trattamento-scarichi.png\" \/>\n\t<meta property=\"og:image:width\" content=\"400\" \/>\n\t<meta property=\"og:image:height\" content=\"550\" \/>\n\t<meta property=\"og:image:type\" content=\"image\/png\" \/>\n<meta name=\"twitter:card\" content=\"summary_large_image\" \/>\n<script type=\"application\/ld+json\" class=\"yoast-schema-graph\">{\"@context\":\"https:\\\/\\\/schema.org\",\"@graph\":[{\"@type\":\"WebPage\",\"@id\":\"https:\\\/\\\/www.mistermagic.it\\\/pt-pt\\\/produtos-mister-magic\\\/desodorizacao-pt\\\/tratamento-para-lavatorios-e-duches\\\/\",\"url\":\"https:\\\/\\\/www.mistermagic.it\\\/pt-pt\\\/produtos-mister-magic\\\/desodorizacao-pt\\\/tratamento-para-lavatorios-e-duches\\\/\",\"name\":\"Tratamento Para Lavat\u00f3rios E Duches - Mister Magic\",\"isPartOf\":{\"@id\":\"https:\\\/\\\/www.mistermagic.it\\\/pt-pt\\\/#website\"},\"primaryImageOfPage\":{\"@id\":\"https:\\\/\\\/www.mistermagic.it\\\/pt-pt\\\/produtos-mister-magic\\\/desodorizacao-pt\\\/tratamento-para-lavatorios-e-duches\\\/#primaryimage\"},\"image\":{\"@id\":\"https:\\\/\\\/www.mistermagic.it\\\/pt-pt\\\/produtos-mister-magic\\\/desodorizacao-pt\\\/tratamento-para-lavatorios-e-duches\\\/#primaryimage\"},\"thumbnailUrl\":\"https:\\\/\\\/www.mistermagic.it\\\/wp-content\\\/uploads\\\/2020\\\/02\\\/trattamento-scarichi.png\",\"datePublished\":\"2020-02-03T11:54:41+00:00\",\"dateModified\":\"2021-11-05T10:12:08+00:00\",\"description\":\"O Tratamento Pia e Chuveiro possui uma combina\u00e7\u00e3o eficaz de agentes biol\u00f3gicos ativos e componentes qu\u00edmicos capazes de eliminar dep\u00f3sitos de sujeira.\",\"breadcrumb\":{\"@id\":\"https:\\\/\\\/www.mistermagic.it\\\/pt-pt\\\/produtos-mister-magic\\\/desodorizacao-pt\\\/tratamento-para-lavatorios-e-duches\\\/#breadcrumb\"},\"inLanguage\":\"pt-PT\",\"potentialAction\":[{\"@type\":\"ReadAction\",\"target\":[\"https:\\\/\\\/www.mistermagic.it\\\/pt-pt\\\/produtos-mister-magic\\\/desodorizacao-pt\\\/tratamento-para-lavatorios-e-duches\\\/\"]}]},{\"@type\":\"ImageObject\",\"inLanguage\":\"pt-PT\",\"@id\":\"https:\\\/\\\/www.mistermagic.it\\\/pt-pt\\\/produtos-mister-magic\\\/desodorizacao-pt\\\/tratamento-para-lavatorios-e-duches\\\/#primaryimage\",\"url\":\"https:\\\/\\\/www.mistermagic.it\\\/wp-content\\\/uploads\\\/2020\\\/02\\\/trattamento-scarichi.png\",\"contentUrl\":\"https:\\\/\\\/www.mistermagic.it\\\/wp-content\\\/uploads\\\/2020\\\/02\\\/trattamento-scarichi.png\",\"width\":400,\"height\":550},{\"@type\":\"BreadcrumbList\",\"@id\":\"https:\\\/\\\/www.mistermagic.it\\\/pt-pt\\\/produtos-mister-magic\\\/desodorizacao-pt\\\/tratamento-para-lavatorios-e-duches\\\/#breadcrumb\",\"itemListElement\":[{\"@type\":\"ListItem\",\"position\":1,\"name\":\"Home\",\"item\":\"https:\\\/\\\/www.mistermagic.it\\\/pt-pt\\\/\"},{\"@type\":\"ListItem\",\"position\":2,\"name\":\"Desodoriza\u00e7\u00e3o\",\"item\":\"https:\\\/\\\/www.mistermagic.it\\\/pt-pt\\\/produtos-mister-magic\\\/desodorizacao-pt\\\/\"},{\"@type\":\"ListItem\",\"position\":3,\"name\":\"Tratamento Para Lavat\u00f3rios E Duches\"}]},{\"@type\":\"WebSite\",\"@id\":\"https:\\\/\\\/www.mistermagic.it\\\/pt-pt\\\/#website\",\"url\":\"https:\\\/\\\/www.mistermagic.it\\\/pt-pt\\\/\",\"name\":\"Mister Magic\",\"description\":\"O SEU ALIADO EM CASA\",\"publisher\":{\"@id\":\"https:\\\/\\\/www.mistermagic.it\\\/pt-pt\\\/#organization\"},\"potentialAction\":[{\"@type\":\"SearchAction\",\"target\":{\"@type\":\"EntryPoint\",\"urlTemplate\":\"https:\\\/\\\/www.mistermagic.it\\\/pt-pt\\\/?s={search_term_string}\"},\"query-input\":{\"@type\":\"PropertyValueSpecification\",\"valueRequired\":true,\"valueName\":\"search_term_string\"}}],\"inLanguage\":\"pt-PT\"},{\"@type\":\"Organization\",\"@id\":\"https:\\\/\\\/www.mistermagic.it\\\/pt-pt\\\/#organization\",\"name\":\"Mister Magic\",\"url\":\"https:\\\/\\\/www.mistermagic.it\\\/pt-pt\\\/\",\"logo\":{\"@type\":\"ImageObject\",\"inLanguage\":\"pt-PT\",\"@id\":\"https:\\\/\\\/www.mistermagic.it\\\/pt-pt\\\/#\\\/schema\\\/logo\\\/image\\\/\",\"url\":\"https:\\\/\\\/www.mistermagic.it\\\/wp-content\\\/uploads\\\/2020\\\/02\\\/LOGO-PER-REGISTRAZIONE_MISTER-MAGIC-01.png\",\"contentUrl\":\"https:\\\/\\\/www.mistermagic.it\\\/wp-content\\\/uploads\\\/2020\\\/02\\\/LOGO-PER-REGISTRAZIONE_MISTER-MAGIC-01.png\",\"width\":153,\"height\":107,\"caption\":\"Mister Magic\"},\"image\":{\"@id\":\"https:\\\/\\\/www.mistermagic.it\\\/pt-pt\\\/#\\\/schema\\\/logo\\\/image\\\/\"}}]}<\/script>\n<!-- \/ Yoast SEO plugin. -->","yoast_head_json":{"title":"Tratamento Para Lavat\u00f3rios E Duches - Mister Magic","description":"O Tratamento Pia e Chuveiro possui uma combina\u00e7\u00e3o eficaz de agentes biol\u00f3gicos ativos e componentes qu\u00edmicos capazes de eliminar dep\u00f3sitos de sujeira.","robots":{"index":"index","follow":"follow","max-snippet":"max-snippet:-1","max-image-preview":"max-image-preview:large","max-video-preview":"max-video-preview:-1"},"canonical":"https:\/\/www.mistermagic.it\/pt-pt\/produtos-mister-magic\/desodorizacao-pt\/tratamento-para-lavatorios-e-duches\/","og_locale":"pt_PT","og_type":"article","og_title":"Tratamento Para Lavat\u00f3rios E Duches - Mister Magic","og_description":"O Tratamento Pia e Chuveiro possui uma combina\u00e7\u00e3o eficaz de agentes biol\u00f3gicos ativos e componentes qu\u00edmicos capazes de eliminar dep\u00f3sitos de sujeira.","og_url":"https:\/\/www.mistermagic.it\/pt-pt\/produtos-mister-magic\/desodorizacao-pt\/tratamento-para-lavatorios-e-duches\/","og_site_name":"Mister Magic","article_modified_time":"2021-11-05T10:12:08+00:00","og_image":[{"width":400,"height":550,"url":"https:\/\/www.mistermagic.it\/wp-content\/uploads\/2020\/02\/trattamento-scarichi.png","type":"image\/png"}],"twitter_card":"summary_large_image","schema":{"@context":"https:\/\/schema.org","@graph":[{"@type":"WebPage","@id":"https:\/\/www.mistermagic.it\/pt-pt\/produtos-mister-magic\/desodorizacao-pt\/tratamento-para-lavatorios-e-duches\/","url":"https:\/\/www.mistermagic.it\/pt-pt\/produtos-mister-magic\/desodorizacao-pt\/tratamento-para-lavatorios-e-duches\/","name":"Tratamento Para Lavat\u00f3rios E Duches - Mister Magic","isPartOf":{"@id":"https:\/\/www.mistermagic.it\/pt-pt\/#website"},"primaryImageOfPage":{"@id":"https:\/\/www.mistermagic.it\/pt-pt\/produtos-mister-magic\/desodorizacao-pt\/tratamento-para-lavatorios-e-duches\/#primaryimage"},"image":{"@id":"https:\/\/www.mistermagic.it\/pt-pt\/produtos-mister-magic\/desodorizacao-pt\/tratamento-para-lavatorios-e-duches\/#primaryimage"},"thumbnailUrl":"https:\/\/www.mistermagic.it\/wp-content\/uploads\/2020\/02\/trattamento-scarichi.png","datePublished":"2020-02-03T11:54:41+00:00","dateModified":"2021-11-05T10:12:08+00:00","description":"O Tratamento Pia e Chuveiro possui uma combina\u00e7\u00e3o eficaz de agentes biol\u00f3gicos ativos e componentes qu\u00edmicos capazes de eliminar dep\u00f3sitos de sujeira.","breadcrumb":{"@id":"https:\/\/www.mistermagic.it\/pt-pt\/produtos-mister-magic\/desodorizacao-pt\/tratamento-para-lavatorios-e-duches\/#breadcrumb"},"inLanguage":"pt-PT","potentialAction":[{"@type":"ReadAction","target":["https:\/\/www.mistermagic.it\/pt-pt\/produtos-mister-magic\/desodorizacao-pt\/tratamento-para-lavatorios-e-duches\/"]}]},{"@type":"ImageObject","inLanguage":"pt-PT","@id":"https:\/\/www.mistermagic.it\/pt-pt\/produtos-mister-magic\/desodorizacao-pt\/tratamento-para-lavatorios-e-duches\/#primaryimage","url":"https:\/\/www.mistermagic.it\/wp-content\/uploads\/2020\/02\/trattamento-scarichi.png","contentUrl":"https:\/\/www.mistermagic.it\/wp-content\/uploads\/2020\/02\/trattamento-scarichi.png","width":400,"height":550},{"@type":"BreadcrumbList","@id":"https:\/\/www.mistermagic.it\/pt-pt\/produtos-mister-magic\/desodorizacao-pt\/tratamento-para-lavatorios-e-duches\/#breadcrumb","itemListElement":[{"@type":"ListItem","position":1,"name":"Home","item":"https:\/\/www.mistermagic.it\/pt-pt\/"},{"@type":"ListItem","position":2,"name":"Desodoriza\u00e7\u00e3o","item":"https:\/\/www.mistermagic.it\/pt-pt\/produtos-mister-magic\/desodorizacao-pt\/"},{"@type":"ListItem","position":3,"name":"Tratamento Para Lavat\u00f3rios E Duches"}]},{"@type":"WebSite","@id":"https:\/\/www.mistermagic.it\/pt-pt\/#website","url":"https:\/\/www.mistermagic.it\/pt-pt\/","name":"Mister Magic","description":"O SEU ALIADO EM CASA","publisher":{"@id":"https:\/\/www.mistermagic.it\/pt-pt\/#organization"},"potentialAction":[{"@type":"SearchAction","target":{"@type":"EntryPoint","urlTemplate":"https:\/\/www.mistermagic.it\/pt-pt\/?s={search_term_string}"},"query-input":{"@type":"PropertyValueSpecification","valueRequired":true,"valueName":"search_term_string"}}],"inLanguage":"pt-PT"},{"@type":"Organization","@id":"https:\/\/www.mistermagic.it\/pt-pt\/#organization","name":"Mister Magic","url":"https:\/\/www.mistermagic.it\/pt-pt\/","logo":{"@type":"ImageObject","inLanguage":"pt-PT","@id":"https:\/\/www.mistermagic.it\/pt-pt\/#\/schema\/logo\/image\/","url":"https:\/\/www.mistermagic.it\/wp-content\/uploads\/2020\/02\/LOGO-PER-REGISTRAZIONE_MISTER-MAGIC-01.png","contentUrl":"https:\/\/www.mistermagic.it\/wp-content\/uploads\/2020\/02\/LOGO-PER-REGISTRAZIONE_MISTER-MAGIC-01.png","width":153,"height":107,"caption":"Mister Magic"},"image":{"@id":"https:\/\/www.mistermagic.it\/pt-pt\/#\/schema\/logo\/image\/"}}]}},"_links":{"self":[{"href":"https:\/\/www.mistermagic.it\/pt-pt\/wp-json\/wp\/v2\/product\/8641","targetHints":{"allow":["GET"]}}],"collection":[{"href":"https:\/\/www.mistermagic.it\/pt-pt\/wp-json\/wp\/v2\/product"}],"about":[{"href":"https:\/\/www.mistermagic.it\/pt-pt\/wp-json\/wp\/v2\/types\/product"}],"wp:featuredmedia":[{"embeddable":true,"href":"https:\/\/www.mistermagic.it\/pt-pt\/wp-json\/wp\/v2\/media\/8642"}],"wp:attachment":[{"href":"https:\/\/www.mistermagic.it\/pt-pt\/wp-json\/wp\/v2\/media?parent=8641"}],"wp:term":[{"taxonomy":"product_category","embeddable":true,"href":"https:\/\/www.mistermagic.it\/pt-pt\/wp-json\/wp\/v2\/product_category?post=8641"}],"curies":[{"name":"wp","href":"https:\/\/api.w.org\/{rel}","templated":true}]}}